{"id":8600,"date":"2024-05-17T12:43:48","date_gmt":"2024-05-17T10:43:48","guid":{"rendered":"https:\/\/www.bideonarratian.eus\/bachillerato-fp\/"},"modified":"2024-07-29T10:02:42","modified_gmt":"2024-07-29T08:02:42","slug":"batxilergoko-eta-lhko-ikasleak","status":"publish","type":"page","link":"https:\/\/www.bideonarratian.eus\/eu\/batxilergoko-eta-lhko-ikasleak\/","title":{"rendered":"Batxilergoko eta LHko ikasleak"},"content":{"rendered":"<div class=\"wpb-content-wrapper\"><p>[vc_row full_width=&#8221;stretch_row&#8221;][vc_column][vc_row_inner css=&#8221;.vc_custom_1704269585970{padding-top: 50px !important;padding-bottom: 70px !important;}&#8221;][vc_column_inner width=&#8221;1\/2&#8243; css=&#8221;.vc_custom_1541584818078{padding-right: 20px !important;}&#8221;]<header class=\"kd-section-title col-lg-12 text-left  kd-animated fadeIn   vc_custom_1716375337860\" data-animation-delay=200><h4 class=\"separator_off\" >Eraman ezazu garraio-zerbitzu berria zure ikastetxera eta pertsonalizatu ezazu<\/h4><\/header>[vc_column_text]Arratian bizi eta batxilergoa edo lanbide-heziketa ikasten ari bazara, <strong>bideON<\/strong> zerbitzuak zure ikastetxera eraman zaitzake. Interesgarria iruditzen bazaizu, <strong>parte hartu inkestan eta partekatu<\/strong> zure ikaskideekin.<\/p>\n<p class=\"pAzul\"><span class=\"spMediano\">Bi bidaia oparituko dizkizugu<\/span>, inkestan parte hartzeagatik soilik, eta zerbitzua zure ikastetxera iristen ote den probatu ahalko duzu.<\/p>\n<p>[\/vc_column_text][vc_column_text]<a class=\"btnServicios aFUll\" href=\"https:\/\/form.jotform.com\/241343661602348\" target=\"_blank\" rel=\"noopener\">PARTE HARTU NAHI DUT<\/a><\/p>\n<p class=\"pMediano\">Bost minutu baino ez dituzu behar eta <strong>2024ko uztailaren 31ra arte bete ahalko duzu<\/strong>.<\/p>\n<p>[\/vc_column_text][vc_empty_space height=&#8221;20px&#8221;][vc_single_image image=&#8221;8594&#8243; img_size=&#8221;full&#8221; alignment=&#8221;center&#8221; css_animation=&#8221;fadeIn&#8221; css=&#8221;.vc_custom_1715945986860{padding-right: 20px !important;}&#8221;][\/vc_column_inner][vc_column_inner width=&#8221;1\/2&#8243; css=&#8221;.vc_custom_1541584821670{padding-left: 20px !important;}&#8221;][vc_single_image image=&#8221;7944&#8243; img_size=&#8221;full&#8221; alignment=&#8221;center&#8221; css_animation=&#8221;fadeIn&#8221; css=&#8221;.vc_custom_1715942478571{padding-left: 20px !important;}&#8221;][vc_empty_space height=&#8221;40px&#8221;]<header class=\"kd-section-title col-lg-12 text-left  kd-animated fadeIn   vc_custom_1716375715207\" data-animation-delay=200><h4 class=\"separator_off\" >Zergatik parte hartu?<\/h4><\/header>[vc_column_text css=&#8221;.vc_custom_1716817832657{padding-left: 20px !important;}&#8221;]Inkesta erantzutea lagungarria izango zaigu:<\/p>\n<ul>\n<li>Zerbitzua martxan jartzearen <span class=\"spAzul\">bideragarritasuna baloratzea<\/span>.<\/li>\n<li>Zerbitzua zein <span class=\"spAzul\">ikastetxetan emango den zehazteko<\/span>.<\/li>\n<li>Zurekin batera <span class=\"spAzul\">geltokiak, ordutegiak eta ibilbideak diseinatzeko<\/span>.<\/li>\n<\/ul>\n<p>[\/vc_column_text][vc_empty_space height=&#8221;20px&#8221;]<header class=\"kd-section-title col-lg-12 text-left  kd-animated fadeIn   vc_custom_1716375878010\" data-animation-delay=200><h4 class=\"separator_off\" >Zertan datza zerbitzua?<\/h4><\/header>[vc_column_text css=&#8221;.vc_custom_1716472349396{padding-left: 20px !important;}&#8221;]Gidari bat zure bila joango da zure etxetik hurbil dagoen puntu batera, egun horretan zure ikastegirako bidea errazteko. Zauden tokian zaudela, bidaiak erreserbatu ahalko dituzu, <span class=\"spAzul\">mugikorreko aplikazio<\/span> baten bidez.[\/vc_column_text][vc_empty_space height=&#8221;20px&#8221;]<ul class=\"kd-icon-list  servicioGris\" ><li class=\"kd-icon-list-item pd18\"><i class=\"fas fa-euro-sign\" style=\"font-size:48px;\"><\/i><span class=\"kd-list-text\" ><\/p>\n<h4 class=\"service-heading\">Tarifak<\/h4>\n<p><strong>Hasieran, bidaia bakoitzeko euro bateko kostua ezarri da (BEZa barne)<\/strong><\/li><\/ul>[\/vc_column_inner][\/vc_row_inner][\/vc_column][\/vc_row]<\/p>\n<\/div>","protected":false},"excerpt":{"rendered":"<p>[vc_row full_width=&#8221;stretch_row&#8221;][vc_column][vc_row_inner css=&#8221;.vc_custom_1704269585970{padding-top: 50px !important;padding-bottom: 70px !important;}&#8221;][vc_column_inner width=&#8221;1\/2&#8243; css=&#8221;.vc_custom_1541584818078{padding-right: 20px !important;}&#8221;][vc_column_text]Arratian bizi eta batxilergoa edo lanbide-heziketa ikasten ari bazara, bideON [&hellip;]<\/p>\n","protected":false},"author":1,"featured_media":8531,"parent":0,"menu_order":0,"comment_status":"closed","ping_status":"closed","template":"","meta":{"footnotes":""},"class_list":["post-8600","page","type-page","status-publish","has-post-thumbnail","hentry"],"yoast_head":"<!-- This site is optimized with the Yoast SEO plugin v27.3 - https:\/\/yoast.com\/product\/yoast-seo-wordpress\/ -->\n<title>Batxilergoko eta LHko ikasleak - bideON ARRATIAN<\/title>\n<meta name=\"robots\" content=\"index, follow, max-snippet:-1, max-image-preview:large, max-video-preview:-1\" \/>\n<link rel=\"canonical\" href=\"https:\/\/www.bideonarratian.eus\/eu\/batxilergoko-eta-lhko-ikasleak\/\" \/>\n<meta property=\"og:locale\" content=\"eu_ES\" \/>\n<meta property=\"og:type\" content=\"article\" \/>\n<meta property=\"og:title\" content=\"Batxilergoko eta LHko ikasleak - bideON ARRATIAN\" \/>\n<meta property=\"og:description\" content=\"[vc_row full_width=&#8221;stretch_row&#8221;][vc_column][vc_row_inner css=&#8221;.vc_custom_1704269585970{padding-top: 50px !important;padding-bottom: 70px !important;}&#8221;][vc_column_inner width=&#8221;1\/2&#8243; css=&#8221;.vc_custom_1541584818078{padding-right: 20px !important;}&#8221;][vc_column_text]Arratian bizi eta batxilergoa edo lanbide-heziketa ikasten ari bazara, bideON [&hellip;]\" \/>\n<meta property=\"og:url\" content=\"https:\/\/www.bideonarratian.eus\/eu\/batxilergoko-eta-lhko-ikasleak\/\" \/>\n<meta property=\"og:site_name\" content=\"bideON ARRATIAN\" \/>\n<meta property=\"article:publisher\" content=\"https:\/\/www.facebook.com\/bideONARRATIAN\" \/>\n<meta property=\"article:modified_time\" content=\"2024-07-29T08:02:42+00:00\" \/>\n<meta property=\"og:image\" content=\"https:\/\/www.bideonarratian.eus\/wp-content\/uploads\/2024\/04\/friends-sitting-together-against-railing.jpg\" \/>\n\t<meta property=\"og:image:width\" content=\"1920\" \/>\n\t<meta property=\"og:image:height\" content=\"718\" \/>\n\t<meta property=\"og:image:type\" content=\"image\/jpeg\" \/>\n<meta name=\"twitter:card\" content=\"summary_large_image\" \/>\n<meta name=\"twitter:label1\" content=\"Est. reading time\" \/>\n\t<meta name=\"twitter:data1\" content=\"2 minutes\" \/>\n<script type=\"application\/ld+json\" class=\"yoast-schema-graph\">{\"@context\":\"https:\\\/\\\/schema.org\",\"@graph\":[{\"@type\":\"WebPage\",\"@id\":\"https:\\\/\\\/www.bideonarratian.eus\\\/eu\\\/batxilergoko-eta-lhko-ikasleak\\\/\",\"url\":\"https:\\\/\\\/www.bideonarratian.eus\\\/eu\\\/batxilergoko-eta-lhko-ikasleak\\\/\",\"name\":\"Batxilergoko eta LHko ikasleak - bideON ARRATIAN\",\"isPartOf\":{\"@id\":\"https:\\\/\\\/www.bideonarratian.eus\\\/eu\\\/#website\"},\"primaryImageOfPage\":{\"@id\":\"https:\\\/\\\/www.bideonarratian.eus\\\/eu\\\/batxilergoko-eta-lhko-ikasleak\\\/#primaryimage\"},\"image\":{\"@id\":\"https:\\\/\\\/www.bideonarratian.eus\\\/eu\\\/batxilergoko-eta-lhko-ikasleak\\\/#primaryimage\"},\"thumbnailUrl\":\"https:\\\/\\\/www.bideonarratian.eus\\\/wp-content\\\/uploads\\\/2024\\\/04\\\/friends-sitting-together-against-railing.jpg\",\"datePublished\":\"2024-05-17T10:43:48+00:00\",\"dateModified\":\"2024-07-29T08:02:42+00:00\",\"breadcrumb\":{\"@id\":\"https:\\\/\\\/www.bideonarratian.eus\\\/eu\\\/batxilergoko-eta-lhko-ikasleak\\\/#breadcrumb\"},\"inLanguage\":\"eu-ES\",\"potentialAction\":[{\"@type\":\"ReadAction\",\"target\":[\"https:\\\/\\\/www.bideonarratian.eus\\\/eu\\\/batxilergoko-eta-lhko-ikasleak\\\/\"]}]},{\"@type\":\"ImageObject\",\"inLanguage\":\"eu-ES\",\"@id\":\"https:\\\/\\\/www.bideonarratian.eus\\\/eu\\\/batxilergoko-eta-lhko-ikasleak\\\/#primaryimage\",\"url\":\"https:\\\/\\\/www.bideonarratian.eus\\\/wp-content\\\/uploads\\\/2024\\\/04\\\/friends-sitting-together-against-railing.jpg\",\"contentUrl\":\"https:\\\/\\\/www.bideonarratian.eus\\\/wp-content\\\/uploads\\\/2024\\\/04\\\/friends-sitting-together-against-railing.jpg\",\"width\":1920,\"height\":718},{\"@type\":\"BreadcrumbList\",\"@id\":\"https:\\\/\\\/www.bideonarratian.eus\\\/eu\\\/batxilergoko-eta-lhko-ikasleak\\\/#breadcrumb\",\"itemListElement\":[{\"@type\":\"ListItem\",\"position\":1,\"name\":\"Portada\",\"item\":\"https:\\\/\\\/www.bideonarratian.eus\\\/eu\\\/\"},{\"@type\":\"ListItem\",\"position\":2,\"name\":\"Batxilergoko eta LHko ikasleak\"}]},{\"@type\":\"WebSite\",\"@id\":\"https:\\\/\\\/www.bideonarratian.eus\\\/eu\\\/#website\",\"url\":\"https:\\\/\\\/www.bideonarratian.eus\\\/eu\\\/\",\"name\":\"bideON ARRATIAN\",\"description\":\"Servicio de transporte bajo demanda para acercar al n\u00facleo urbano a las personas del Valle de Arratia mayores de 65 a\u00f1os (incluso a los que no puedan desplazarse de forma aut\u00f3noma).\",\"publisher\":{\"@id\":\"https:\\\/\\\/www.bideonarratian.eus\\\/eu\\\/#organization\"},\"alternateName\":\"Servicio de transporte sostenible a la demanda en el Valle de Arratia\",\"potentialAction\":[{\"@type\":\"SearchAction\",\"target\":{\"@type\":\"EntryPoint\",\"urlTemplate\":\"https:\\\/\\\/www.bideonarratian.eus\\\/eu\\\/?s={search_term_string}\"},\"query-input\":{\"@type\":\"PropertyValueSpecification\",\"valueRequired\":true,\"valueName\":\"search_term_string\"}}],\"inLanguage\":\"eu-ES\"},{\"@type\":\"Organization\",\"@id\":\"https:\\\/\\\/www.bideonarratian.eus\\\/eu\\\/#organization\",\"name\":\"bideON ARRATIAN\",\"url\":\"https:\\\/\\\/www.bideonarratian.eus\\\/eu\\\/\",\"logo\":{\"@type\":\"ImageObject\",\"inLanguage\":\"eu-ES\",\"@id\":\"https:\\\/\\\/www.bideonarratian.eus\\\/eu\\\/#\\\/schema\\\/logo\\\/image\\\/\",\"url\":\"https:\\\/\\\/www.bideonarratian.eus\\\/wp-content\\\/uploads\\\/2023\\\/12\\\/bideon-logo.png\",\"contentUrl\":\"https:\\\/\\\/www.bideonarratian.eus\\\/wp-content\\\/uploads\\\/2023\\\/12\\\/bideon-logo.png\",\"width\":500,\"height\":176,\"caption\":\"bideON ARRATIAN\"},\"image\":{\"@id\":\"https:\\\/\\\/www.bideonarratian.eus\\\/eu\\\/#\\\/schema\\\/logo\\\/image\\\/\"},\"sameAs\":[\"https:\\\/\\\/www.facebook.com\\\/bideONARRATIAN\",\"https:\\\/\\\/www.instagram.com\\\/bideON_ARRATIAN\",\"https:\\\/\\\/www.tiktok.com\\\/@bideon_arratian\"]}]}<\/script>\n<!-- \/ Yoast SEO plugin. -->","yoast_head_json":{"title":"Batxilergoko eta LHko ikasleak - bideON ARRATIAN","robots":{"index":"index","follow":"follow","max-snippet":"max-snippet:-1","max-image-preview":"max-image-preview:large","max-video-preview":"max-video-preview:-1"},"canonical":"https:\/\/www.bideonarratian.eus\/eu\/batxilergoko-eta-lhko-ikasleak\/","og_locale":"eu_ES","og_type":"article","og_title":"Batxilergoko eta LHko ikasleak - bideON ARRATIAN","og_description":"[vc_row full_width=&#8221;stretch_row&#8221;][vc_column][vc_row_inner css=&#8221;.vc_custom_1704269585970{padding-top: 50px !important;padding-bottom: 70px !important;}&#8221;][vc_column_inner width=&#8221;1\/2&#8243; css=&#8221;.vc_custom_1541584818078{padding-right: 20px !important;}&#8221;][vc_column_text]Arratian bizi eta batxilergoa edo lanbide-heziketa ikasten ari bazara, bideON [&hellip;]","og_url":"https:\/\/www.bideonarratian.eus\/eu\/batxilergoko-eta-lhko-ikasleak\/","og_site_name":"bideON ARRATIAN","article_publisher":"https:\/\/www.facebook.com\/bideONARRATIAN","article_modified_time":"2024-07-29T08:02:42+00:00","og_image":[{"width":1920,"height":718,"url":"https:\/\/www.bideonarratian.eus\/wp-content\/uploads\/2024\/04\/friends-sitting-together-against-railing.jpg","type":"image\/jpeg"}],"twitter_card":"summary_large_image","twitter_misc":{"Est. reading time":"2 minutes"},"schema":{"@context":"https:\/\/schema.org","@graph":[{"@type":"WebPage","@id":"https:\/\/www.bideonarratian.eus\/eu\/batxilergoko-eta-lhko-ikasleak\/","url":"https:\/\/www.bideonarratian.eus\/eu\/batxilergoko-eta-lhko-ikasleak\/","name":"Batxilergoko eta LHko ikasleak - bideON ARRATIAN","isPartOf":{"@id":"https:\/\/www.bideonarratian.eus\/eu\/#website"},"primaryImageOfPage":{"@id":"https:\/\/www.bideonarratian.eus\/eu\/batxilergoko-eta-lhko-ikasleak\/#primaryimage"},"image":{"@id":"https:\/\/www.bideonarratian.eus\/eu\/batxilergoko-eta-lhko-ikasleak\/#primaryimage"},"thumbnailUrl":"https:\/\/www.bideonarratian.eus\/wp-content\/uploads\/2024\/04\/friends-sitting-together-against-railing.jpg","datePublished":"2024-05-17T10:43:48+00:00","dateModified":"2024-07-29T08:02:42+00:00","breadcrumb":{"@id":"https:\/\/www.bideonarratian.eus\/eu\/batxilergoko-eta-lhko-ikasleak\/#breadcrumb"},"inLanguage":"eu-ES","potentialAction":[{"@type":"ReadAction","target":["https:\/\/www.bideonarratian.eus\/eu\/batxilergoko-eta-lhko-ikasleak\/"]}]},{"@type":"ImageObject","inLanguage":"eu-ES","@id":"https:\/\/www.bideonarratian.eus\/eu\/batxilergoko-eta-lhko-ikasleak\/#primaryimage","url":"https:\/\/www.bideonarratian.eus\/wp-content\/uploads\/2024\/04\/friends-sitting-together-against-railing.jpg","contentUrl":"https:\/\/www.bideonarratian.eus\/wp-content\/uploads\/2024\/04\/friends-sitting-together-against-railing.jpg","width":1920,"height":718},{"@type":"BreadcrumbList","@id":"https:\/\/www.bideonarratian.eus\/eu\/batxilergoko-eta-lhko-ikasleak\/#breadcrumb","itemListElement":[{"@type":"ListItem","position":1,"name":"Portada","item":"https:\/\/www.bideonarratian.eus\/eu\/"},{"@type":"ListItem","position":2,"name":"Batxilergoko eta LHko ikasleak"}]},{"@type":"WebSite","@id":"https:\/\/www.bideonarratian.eus\/eu\/#website","url":"https:\/\/www.bideonarratian.eus\/eu\/","name":"bideON ARRATIAN","description":"Servicio de transporte bajo demanda para acercar al n\u00facleo urbano a las personas del Valle de Arratia mayores de 65 a\u00f1os (incluso a los que no puedan desplazarse de forma aut\u00f3noma).","publisher":{"@id":"https:\/\/www.bideonarratian.eus\/eu\/#organization"},"alternateName":"Servicio de transporte sostenible a la demanda en el Valle de Arratia","potentialAction":[{"@type":"SearchAction","target":{"@type":"EntryPoint","urlTemplate":"https:\/\/www.bideonarratian.eus\/eu\/?s={search_term_string}"},"query-input":{"@type":"PropertyValueSpecification","valueRequired":true,"valueName":"search_term_string"}}],"inLanguage":"eu-ES"},{"@type":"Organization","@id":"https:\/\/www.bideonarratian.eus\/eu\/#organization","name":"bideON ARRATIAN","url":"https:\/\/www.bideonarratian.eus\/eu\/","logo":{"@type":"ImageObject","inLanguage":"eu-ES","@id":"https:\/\/www.bideonarratian.eus\/eu\/#\/schema\/logo\/image\/","url":"https:\/\/www.bideonarratian.eus\/wp-content\/uploads\/2023\/12\/bideon-logo.png","contentUrl":"https:\/\/www.bideonarratian.eus\/wp-content\/uploads\/2023\/12\/bideon-logo.png","width":500,"height":176,"caption":"bideON ARRATIAN"},"image":{"@id":"https:\/\/www.bideonarratian.eus\/eu\/#\/schema\/logo\/image\/"},"sameAs":["https:\/\/www.facebook.com\/bideONARRATIAN","https:\/\/www.instagram.com\/bideON_ARRATIAN","https:\/\/www.tiktok.com\/@bideon_arratian"]}]}},"_links":{"self":[{"href":"https:\/\/www.bideonarratian.eus\/eu\/wp-json\/wp\/v2\/pages\/8600","targetHints":{"allow":["GET"]}}],"collection":[{"href":"https:\/\/www.bideonarratian.eus\/eu\/wp-json\/wp\/v2\/pages"}],"about":[{"href":"https:\/\/www.bideonarratian.eus\/eu\/wp-json\/wp\/v2\/types\/page"}],"author":[{"embeddable":true,"href":"https:\/\/www.bideonarratian.eus\/eu\/wp-json\/wp\/v2\/users\/1"}],"replies":[{"embeddable":true,"href":"https:\/\/www.bideonarratian.eus\/eu\/wp-json\/wp\/v2\/comments?post=8600"}],"version-history":[{"count":11,"href":"https:\/\/www.bideonarratian.eus\/eu\/wp-json\/wp\/v2\/pages\/8600\/revisions"}],"predecessor-version":[{"id":8753,"href":"https:\/\/www.bideonarratian.eus\/eu\/wp-json\/wp\/v2\/pages\/8600\/revisions\/8753"}],"wp:featuredmedia":[{"embeddable":true,"href":"https:\/\/www.bideonarratian.eus\/eu\/wp-json\/wp\/v2\/media\/8531"}],"wp:attachment":[{"href":"https:\/\/www.bideonarratian.eus\/eu\/wp-json\/wp\/v2\/media?parent=8600"}],"curies":[{"name":"wp","href":"https:\/\/api.w.org\/{rel}","templated":true}]}}