{"id":8301,"date":"2018-10-22T13:48:22","date_gmt":"2018-10-22T11:48:22","guid":{"rendered":"https:\/\/www.bideonarratian.eus\/contacto\/"},"modified":"2025-03-11T14:45:16","modified_gmt":"2025-03-11T13:45:16","slug":"kontaktua","status":"publish","type":"page","link":"https:\/\/www.bideonarratian.eus\/eu\/kontaktua\/","title":{"rendered":"Kontaktua"},"content":{"rendered":"<div class=\"wpb-content-wrapper\"><p>[vc_row][vc_column][vc_empty_space height=&#8221;50px&#8221;][\/vc_column][\/vc_row][vc_row full_width=&#8221;stretch_row&#8221; gap=&#8221;35&#8243; el_class=&#8221;pb-0-peque&#8221;][vc_column css=&#8221;.vc_custom_1516095665984{padding-right: 0px !important;padding-left: 0px !important;}&#8221;][vc_row_inner css=&#8221;.vc_custom_1556019873852{padding-bottom: 0px !important;}&#8221;][vc_column_inner width=&#8221;1\/2&#8243; css=&#8221;.vc_custom_1705403533079{padding-left: 15px !important;}&#8221; offset=&#8221;vc_col-lg-6 vc_col-md-12&#8243;][vc_raw_html]JTNDaWZyYW1lJTIwc3JjJTNEJTIyaHR0cHMlM0ElMkYlMkZ3d3cuZ29vZ2xlLmNvbSUyRm1hcHMlMkZlbWJlZCUzRnBiJTNEJTIxMW0xOCUyMTFtMTIlMjExbTMlMjExZDI5MTAuMjY2NDkyODE1ODg3NCUyMTJkLTIuNzgyNDIyMjIzMzY2NTQ0MyUyMTNkNDMuMTYxOTI5OTg0MDY1NDQlMjEybTMlMjExZjAlMjEyZjAlMjEzZjAlMjEzbTIlMjExaTEwMjQlMjEyaTc2OCUyMTRmMTMuMSUyMTNtMyUyMTFtMiUyMTFzMHhkNGU0YTlmYmNhYzc0OTElMjUzQTB4ODI2YmNkNTUzNDNmYTRkNSUyMTJzQXYuJTI1MjBMZWhlbmRha2FyaSUyNTIwQWdpcnJlJTI1MkMlMjUyMDExJTI1MkMlMjUyMDQ4MTQwJTI1MjBZdXJyZSUyNTJDJTI1MjBWaXpjYXlhJTIxNWUwJTIxM20yJTIxMXNlcyUyMTJzZXMlMjE0djE3MDM2NzYxNjg3MjMlMjE1bTIlMjExc2VzJTIxMnNlcyUyMiUyMHdpZHRoJTNEJTIyNjAwJTIyJTIwaGVpZ2h0JTNEJTIyNDUwJTIyJTIwc3R5bGUlM0QlMjJib3JkZXIlM0EwJTNCJTIyJTIwYWxsb3dmdWxsc2NyZWVuJTNEJTIyJTIyJTIwbG9hZGluZyUzRCUyMmxhenklMjIlMjByZWZlcnJlcnBvbGljeSUzRCUyMm5vLXJlZmVycmVyLXdoZW4tZG93bmdyYWRlJTIyJTNFJTNDJTJGaWZyYW1lJTNF[\/vc_raw_html][\/vc_column_inner][vc_column_inner width=&#8221;1\/2&#8243; offset=&#8221;vc_col-lg-6 vc_col-md-12&#8243;]<style id=\"wpforms-css-vars-8968\">\n\t\t\t\t#wpforms-8968 {\n\t\t\t\t\n\t\t\t}\n\t\t\t<\/style><div class=\"wpforms-container wpforms-container-full wpforms-render-modern\" id=\"wpforms-8968\"><form id=\"wpforms-form-8968\" class=\"wpforms-validate wpforms-form wpforms-ajax-form\" data-formid=\"8968\" method=\"post\" enctype=\"multipart\/form-data\" action=\"\/eu\/wp-json\/wp\/v2\/pages\/8301\" data-token=\"42fd1ce107b11c44e28deda691432521\" data-token-time=\"1777211394\"><noscript class=\"wpforms-error-noscript\">Please enable JavaScript in your browser to complete this form.<\/noscript><div id=\"wpforms-error-noscript\" style=\"display: none;\">Please enable JavaScript in your browser to complete this form.<\/div><div class=\"wpforms-field-container\"><div id=\"wpforms-8968-field_1-container\" class=\"wpforms-field wpforms-field-name\" data-field-id=\"1\"><label class=\"wpforms-field-label\" for=\"wpforms-8968-field_1\">Izena <span class=\"wpforms-required-label\" aria-hidden=\"true\">*<\/span><\/label><input type=\"text\" id=\"wpforms-8968-field_1\" class=\"wpforms-field-medium wpforms-field-required\" name=\"wpforms[fields][1]\" aria-errormessage=\"wpforms-8968-field_1-error\" required><\/div>\t\t<div id=\"wpforms-8968-field_5-container\"\n\t\t\tclass=\"wpforms-field wpforms-field-text\"\n\t\t\tdata-field-type=\"text\"\n\t\t\tdata-field-id=\"5\"\n\t\t\t>\n\t\t\t<label class=\"wpforms-field-label\" for=\"wpforms-8968-field_5\" >Mesua Izena Gaia<\/label>\n\t\t\t<input type=\"text\" id=\"wpforms-8968-field_5\" class=\"wpforms-field-medium\" name=\"wpforms[fields][5]\" >\n\t\t<\/div>\n\t\t<div id=\"wpforms-8968-field_2-container\" class=\"wpforms-field wpforms-field-email\" data-field-id=\"2\"><label class=\"wpforms-field-label\" for=\"wpforms-8968-field_2\">Email <span class=\"wpforms-required-label\" aria-hidden=\"true\">*<\/span><\/label><input type=\"email\" id=\"wpforms-8968-field_2\" class=\"wpforms-field-medium wpforms-field-required\" name=\"wpforms[fields][2]\" spellcheck=\"false\" aria-errormessage=\"wpforms-8968-field_2-error\" required><\/div><div id=\"wpforms-8968-field_4-container\" class=\"wpforms-field wpforms-field-text\" data-field-id=\"4\"><label class=\"wpforms-field-label\" for=\"wpforms-8968-field_4\">Gaia<\/label><input type=\"text\" id=\"wpforms-8968-field_4\" class=\"wpforms-field-medium\" name=\"wpforms[fields][4]\" aria-errormessage=\"wpforms-8968-field_4-error\" ><\/div><div id=\"wpforms-8968-field_3-container\" class=\"wpforms-field wpforms-field-textarea\" data-field-id=\"3\"><label class=\"wpforms-field-label\" for=\"wpforms-8968-field_3\">Mesua<\/label><textarea id=\"wpforms-8968-field_3\" class=\"wpforms-field-medium\" name=\"wpforms[fields][3]\" aria-errormessage=\"wpforms-8968-field_3-error\" ><\/textarea><\/div><script>\n\t\t\t\t( function() {\n\t\t\t\t\tconst style = document.createElement( 'style' );\n\t\t\t\t\tstyle.appendChild( document.createTextNode( '#wpforms-8968-field_5-container { position: absolute !important; overflow: hidden !important; display: inline !important; height: 1px !important; width: 1px !important; z-index: -1000 !important; padding: 0 !important; } #wpforms-8968-field_5-container input { visibility: hidden; } #wpforms-conversational-form-page #wpforms-8968-field_5-container label { counter-increment: none; }' ) );\n\t\t\t\t\tdocument.head.appendChild( style );\n\t\t\t\t\tdocument.currentScript?.remove();\n\t\t\t\t} )();\n\t\t\t<\/script><\/div><!-- .wpforms-field-container --><div class=\"wpforms-recaptcha-container wpforms-is-recaptcha wpforms-is-recaptcha-type-v3\" ><input type=\"hidden\" name=\"wpforms[recaptcha]\" value=\"\"><\/div><div class=\"wpforms-submit-container\" ><input type=\"hidden\" name=\"wpforms[id]\" value=\"8968\"><input type=\"hidden\" name=\"page_title\" value=\"\"><input type=\"hidden\" name=\"page_url\" value=\"https:\/\/www.bideonarratian.eus\/eu\/wp-json\/wp\/v2\/pages\/8301\"><input type=\"hidden\" name=\"url_referer\" value=\"\"><button type=\"submit\" name=\"wpforms[submit]\" id=\"wpforms-submit-8968\" class=\"wpforms-submit\" data-alt-text=\"Enviando...\" data-submit-text=\"Enviar\" aria-live=\"assertive\" value=\"wpforms-submit\">Enviar<\/button><img loading=\"lazy\" decoding=\"async\" src=\"https:\/\/www.bideonarratian.eus\/wp-content\/plugins\/wpforms-lite\/assets\/images\/submit-spin.svg\" class=\"wpforms-submit-spinner\" style=\"display: none;\" width=\"26\" height=\"26\" alt=\"Loading\"><\/div><\/form><\/div>  <!-- .wpforms-container -->[\/vc_column_inner][\/vc_row_inner][\/vc_column][\/vc_row][vc_row gap=&#8221;35&#8243;][vc_column width=&#8221;1\/2&#8243; el_class=&#8221;cont-padding-40&#8243;]<header class=\"kd-section-title col-lg-12 text-left    \" ><h2 class=\"separator_off\" >Herritarrentzako Arreta Bulegoa<\/h2><\/header>[vc_column_text]Agirre Lehendakaria kalea 11, behea<br \/>\n48140 Igorre (Bizkaia)<br \/>\n94 471 46 24<br \/>\n<a href=\"mailto:info@bideonarratian.eus\" rel=\"nofollow\">info@bideonarratian.eus<\/a><\/p>\n<p><strong>Bezeroaren arretarako bulegoaren ordutegia<\/strong><br \/>\nAstelehenetik barikura 8:00etatik 15:00etara[\/vc_column_text][\/vc_column][vc_column width=&#8221;1\/2&#8243; css=&#8221;.vc_custom_1705403173574{background-color: #f6f6f6 !important;}&#8221; el_class=&#8221;cont-padding-40 padding-20-peque&#8221;]<header class=\"kd-section-title col-lg-12 text-left    \" ><h2 class=\"separator_off\" >Diseinatu bideON ARRATIAN<\/h2><h6 class=\"subtitle \" >Bete inkesta hau zerbitzu berriak gehitzeko garraio jasangarriko eskariaren araberako bideON ARRATIAN egitasmoari:<\/h6><\/header>[vc_empty_space height=&#8221;10px&#8221;][vc_btn title=&#8221;Inkesta&#8221; color=&#8221;peacoc&#8221; align=&#8221;center&#8221; i_icon_fontawesome=&#8221;fas fa-pencil-ruler&#8221; add_icon=&#8221;true&#8221; custom_onclick=&#8221;true&#8221; link=&#8221;url:https%3A%2F%2Fform.jotform.com%2F232914111723346&#8243;][\/vc_column][\/vc_row][vc_row][vc_column][vc_empty_space height=&#8221;50px&#8221;][\/vc_column][\/vc_row]<\/p>\n<\/div>","protected":false},"excerpt":{"rendered":"<p>[vc_row][vc_column][vc_empty_space height=&#8221;50px&#8221;][\/vc_column][\/vc_row][vc_row full_width=&#8221;stretch_row&#8221; gap=&#8221;35&#8243; el_class=&#8221;pb-0-peque&#8221;][vc_column css=&#8221;.vc_custom_1516095665984{padding-right: 0px !important;padding-left: 0px !important;}&#8221;][vc_row_inner css=&#8221;.vc_custom_1556019873852{padding-bottom: 0px !important;}&#8221;][vc_column_inner width=&#8221;1\/2&#8243; css=&#8221;.vc_custom_1705403533079{padding-left: 15px !important;}&#8221; offset=&#8221;vc_col-lg-6 vc_col-md-12&#8243;][vc_raw_html]JTNDaWZyYW1lJTIwc3JjJTNEJTIyaHR0cHMlM0ElMkYlMkZ3d3cuZ29vZ2xlLmNvbSUyRm1hcHMlMkZlbWJlZCUzRnBiJTNEJTIxMW0xOCUyMTFtMTIlMjExbTMlMjExZDI5MTAuMjY2NDkyODE1ODg3NCUyMTJkLTIuNzgyNDIyMjIzMzY2NTQ0MyUyMTNkNDMuMTYxOTI5OTg0MDY1NDQlMjEybTMlMjExZjAlMjEyZjAlMjEzZjAlMjEzbTIlMjExaTEwMjQlMjEyaTc2OCUyMTRmMTMuMSUyMTNtMyUyMTFtMiUyMTFzMHhkNGU0YTlmYmNhYzc0OTElMjUzQTB4ODI2YmNkNTUzNDNmYTRkNSUyMTJzQXYuJTI1MjBMZWhlbmRha2FyaSUyNTIwQWdpcnJlJTI1MkMlMjUyMDExJTI1MkMlMjUyMDQ4MTQwJTI1MjBZdXJyZSUyNTJDJTI1MjBWaXpjYXlhJTIxNWUwJTIxM20yJTIxMXNlcyUyMTJzZXMlMjE0djE3MDM2NzYxNjg3MjMlMjE1bTIlMjExc2VzJTIxMnNlcyUyMiUyMHdpZHRoJTNEJTIyNjAwJTIyJTIwaGVpZ2h0JTNEJTIyNDUwJTIyJTIwc3R5bGUlM0QlMjJib3JkZXIlM0EwJTNCJTIyJTIwYWxsb3dmdWxsc2NyZWVuJTNEJTIyJTIyJTIwbG9hZGluZyUzRCUyMmxhenklMjIlMjByZWZlcnJlcnBvbGljeSUzRCUyMm5vLXJlZmVycmVyLXdoZW4tZG93bmdyYWRlJTIyJTNFJTNDJTJGaWZyYW1lJTNF[\/vc_raw_html][\/vc_column_inner][vc_column_inner width=&#8221;1\/2&#8243; [&hellip;]<\/p>\n","protected":false},"author":1,"featured_media":7815,"parent":0,"menu_order":0,"comment_status":"closed","ping_status":"closed","template":"","meta":{"footnotes":""},"class_list":["post-8301","page","type-page","status-publish","has-post-thumbnail","hentry"],"yoast_head":"<!-- This site is optimized with the Yoast SEO plugin v27.3 - https:\/\/yoast.com\/product\/yoast-seo-wordpress\/ -->\n<title>Kontaktua - bideON ARRATIAN<\/title>\n<meta name=\"robots\" content=\"index, follow, max-snippet:-1, max-image-preview:large, max-video-preview:-1\" \/>\n<link rel=\"canonical\" href=\"https:\/\/www.bideonarratian.eus\/eu\/kontaktua\/\" \/>\n<meta property=\"og:locale\" content=\"eu_ES\" \/>\n<meta property=\"og:type\" content=\"article\" \/>\n<meta property=\"og:title\" content=\"Kontaktua - bideON ARRATIAN\" \/>\n<meta property=\"og:description\" content=\"[vc_row][vc_column][vc_empty_space height=&#8221;50px&#8221;][\/vc_column][\/vc_row][vc_row full_width=&#8221;stretch_row&#8221; gap=&#8221;35&#8243; el_class=&#8221;pb-0-peque&#8221;][vc_column css=&#8221;.vc_custom_1516095665984{padding-right: 0px !important;padding-left: 0px !important;}&#8221;][vc_row_inner css=&#8221;.vc_custom_1556019873852{padding-bottom: 0px !important;}&#8221;][vc_column_inner width=&#8221;1\/2&#8243; css=&#8221;.vc_custom_1705403533079{padding-left: 15px !important;}&#8221; offset=&#8221;vc_col-lg-6 vc_col-md-12&#8243;][vc_raw_html]JTNDaWZyYW1lJTIwc3JjJTNEJTIyaHR0cHMlM0ElMkYlMkZ3d3cuZ29vZ2xlLmNvbSUyRm1hcHMlMkZlbWJlZCUzRnBiJTNEJTIxMW0xOCUyMTFtMTIlMjExbTMlMjExZDI5MTAuMjY2NDkyODE1ODg3NCUyMTJkLTIuNzgyNDIyMjIzMzY2NTQ0MyUyMTNkNDMuMTYxOTI5OTg0MDY1NDQlMjEybTMlMjExZjAlMjEyZjAlMjEzZjAlMjEzbTIlMjExaTEwMjQlMjEyaTc2OCUyMTRmMTMuMSUyMTNtMyUyMTFtMiUyMTFzMHhkNGU0YTlmYmNhYzc0OTElMjUzQTB4ODI2YmNkNTUzNDNmYTRkNSUyMTJzQXYuJTI1MjBMZWhlbmRha2FyaSUyNTIwQWdpcnJlJTI1MkMlMjUyMDExJTI1MkMlMjUyMDQ4MTQwJTI1MjBZdXJyZSUyNTJDJTI1MjBWaXpjYXlhJTIxNWUwJTIxM20yJTIxMXNlcyUyMTJzZXMlMjE0djE3MDM2NzYxNjg3MjMlMjE1bTIlMjExc2VzJTIxMnNlcyUyMiUyMHdpZHRoJTNEJTIyNjAwJTIyJTIwaGVpZ2h0JTNEJTIyNDUwJTIyJTIwc3R5bGUlM0QlMjJib3JkZXIlM0EwJTNCJTIyJTIwYWxsb3dmdWxsc2NyZWVuJTNEJTIyJTIyJTIwbG9hZGluZyUzRCUyMmxhenklMjIlMjByZWZlcnJlcnBvbGljeSUzRCUyMm5vLXJlZmVycmVyLXdoZW4tZG93bmdyYWRlJTIyJTNFJTNDJTJGaWZyYW1lJTNF[\/vc_raw_html][\/vc_column_inner][vc_column_inner width=&#8221;1\/2&#8243; [&hellip;]\" \/>\n<meta property=\"og:url\" content=\"https:\/\/www.bideonarratian.eus\/eu\/kontaktua\/\" \/>\n<meta property=\"og:site_name\" content=\"bideON ARRATIAN\" \/>\n<meta property=\"article:publisher\" content=\"https:\/\/www.facebook.com\/bideONARRATIAN\" \/>\n<meta property=\"article:modified_time\" content=\"2025-03-11T13:45:16+00:00\" \/>\n<meta property=\"og:image\" content=\"https:\/\/www.bideonarratian.eus\/wp-content\/uploads\/2024\/01\/IMG_6522.jpg\" \/>\n\t<meta property=\"og:image:width\" content=\"1920\" \/>\n\t<meta property=\"og:image:height\" content=\"1049\" \/>\n\t<meta property=\"og:image:type\" content=\"image\/jpeg\" \/>\n<meta name=\"twitter:card\" content=\"summary_large_image\" \/>\n<meta name=\"twitter:label1\" content=\"Est. reading time\" \/>\n\t<meta name=\"twitter:data1\" content=\"1 minute\" \/>\n<script type=\"application\/ld+json\" class=\"yoast-schema-graph\">{\"@context\":\"https:\\\/\\\/schema.org\",\"@graph\":[{\"@type\":\"WebPage\",\"@id\":\"https:\\\/\\\/www.bideonarratian.eus\\\/eu\\\/kontaktua\\\/\",\"url\":\"https:\\\/\\\/www.bideonarratian.eus\\\/eu\\\/kontaktua\\\/\",\"name\":\"Kontaktua - bideON ARRATIAN\",\"isPartOf\":{\"@id\":\"https:\\\/\\\/www.bideonarratian.eus\\\/eu\\\/#website\"},\"primaryImageOfPage\":{\"@id\":\"https:\\\/\\\/www.bideonarratian.eus\\\/eu\\\/kontaktua\\\/#primaryimage\"},\"image\":{\"@id\":\"https:\\\/\\\/www.bideonarratian.eus\\\/eu\\\/kontaktua\\\/#primaryimage\"},\"thumbnailUrl\":\"https:\\\/\\\/www.bideonarratian.eus\\\/wp-content\\\/uploads\\\/2024\\\/01\\\/IMG_6522.jpg\",\"datePublished\":\"2018-10-22T11:48:22+00:00\",\"dateModified\":\"2025-03-11T13:45:16+00:00\",\"breadcrumb\":{\"@id\":\"https:\\\/\\\/www.bideonarratian.eus\\\/eu\\\/kontaktua\\\/#breadcrumb\"},\"inLanguage\":\"eu-ES\",\"potentialAction\":[{\"@type\":\"ReadAction\",\"target\":[\"https:\\\/\\\/www.bideonarratian.eus\\\/eu\\\/kontaktua\\\/\"]}]},{\"@type\":\"ImageObject\",\"inLanguage\":\"eu-ES\",\"@id\":\"https:\\\/\\\/www.bideonarratian.eus\\\/eu\\\/kontaktua\\\/#primaryimage\",\"url\":\"https:\\\/\\\/www.bideonarratian.eus\\\/wp-content\\\/uploads\\\/2024\\\/01\\\/IMG_6522.jpg\",\"contentUrl\":\"https:\\\/\\\/www.bideonarratian.eus\\\/wp-content\\\/uploads\\\/2024\\\/01\\\/IMG_6522.jpg\",\"width\":1920,\"height\":1049},{\"@type\":\"BreadcrumbList\",\"@id\":\"https:\\\/\\\/www.bideonarratian.eus\\\/eu\\\/kontaktua\\\/#breadcrumb\",\"itemListElement\":[{\"@type\":\"ListItem\",\"position\":1,\"name\":\"Portada\",\"item\":\"https:\\\/\\\/www.bideonarratian.eus\\\/eu\\\/\"},{\"@type\":\"ListItem\",\"position\":2,\"name\":\"Kontaktua\"}]},{\"@type\":\"WebSite\",\"@id\":\"https:\\\/\\\/www.bideonarratian.eus\\\/eu\\\/#website\",\"url\":\"https:\\\/\\\/www.bideonarratian.eus\\\/eu\\\/\",\"name\":\"bideON ARRATIAN\",\"description\":\"Servicio de transporte bajo demanda para acercar al n\u00facleo urbano a las personas del Valle de Arratia mayores de 65 a\u00f1os (incluso a los que no puedan desplazarse de forma aut\u00f3noma).\",\"publisher\":{\"@id\":\"https:\\\/\\\/www.bideonarratian.eus\\\/eu\\\/#organization\"},\"alternateName\":\"Servicio de transporte sostenible a la demanda en el Valle de Arratia\",\"potentialAction\":[{\"@type\":\"SearchAction\",\"target\":{\"@type\":\"EntryPoint\",\"urlTemplate\":\"https:\\\/\\\/www.bideonarratian.eus\\\/eu\\\/?s={search_term_string}\"},\"query-input\":{\"@type\":\"PropertyValueSpecification\",\"valueRequired\":true,\"valueName\":\"search_term_string\"}}],\"inLanguage\":\"eu-ES\"},{\"@type\":\"Organization\",\"@id\":\"https:\\\/\\\/www.bideonarratian.eus\\\/eu\\\/#organization\",\"name\":\"bideON ARRATIAN\",\"url\":\"https:\\\/\\\/www.bideonarratian.eus\\\/eu\\\/\",\"logo\":{\"@type\":\"ImageObject\",\"inLanguage\":\"eu-ES\",\"@id\":\"https:\\\/\\\/www.bideonarratian.eus\\\/eu\\\/#\\\/schema\\\/logo\\\/image\\\/\",\"url\":\"https:\\\/\\\/www.bideonarratian.eus\\\/wp-content\\\/uploads\\\/2023\\\/12\\\/bideon-logo.png\",\"contentUrl\":\"https:\\\/\\\/www.bideonarratian.eus\\\/wp-content\\\/uploads\\\/2023\\\/12\\\/bideon-logo.png\",\"width\":500,\"height\":176,\"caption\":\"bideON ARRATIAN\"},\"image\":{\"@id\":\"https:\\\/\\\/www.bideonarratian.eus\\\/eu\\\/#\\\/schema\\\/logo\\\/image\\\/\"},\"sameAs\":[\"https:\\\/\\\/www.facebook.com\\\/bideONARRATIAN\",\"https:\\\/\\\/www.instagram.com\\\/bideON_ARRATIAN\",\"https:\\\/\\\/www.tiktok.com\\\/@bideon_arratian\"]}]}<\/script>\n<!-- \/ Yoast SEO plugin. -->","yoast_head_json":{"title":"Kontaktua - bideON ARRATIAN","robots":{"index":"index","follow":"follow","max-snippet":"max-snippet:-1","max-image-preview":"max-image-preview:large","max-video-preview":"max-video-preview:-1"},"canonical":"https:\/\/www.bideonarratian.eus\/eu\/kontaktua\/","og_locale":"eu_ES","og_type":"article","og_title":"Kontaktua - bideON ARRATIAN","og_description":"[vc_row][vc_column][vc_empty_space height=&#8221;50px&#8221;][\/vc_column][\/vc_row][vc_row full_width=&#8221;stretch_row&#8221; gap=&#8221;35&#8243; el_class=&#8221;pb-0-peque&#8221;][vc_column css=&#8221;.vc_custom_1516095665984{padding-right: 0px !important;padding-left: 0px !important;}&#8221;][vc_row_inner css=&#8221;.vc_custom_1556019873852{padding-bottom: 0px !important;}&#8221;][vc_column_inner width=&#8221;1\/2&#8243; css=&#8221;.vc_custom_1705403533079{padding-left: 15px !important;}&#8221; offset=&#8221;vc_col-lg-6 vc_col-md-12&#8243;][vc_raw_html]JTNDaWZyYW1lJTIwc3JjJTNEJTIyaHR0cHMlM0ElMkYlMkZ3d3cuZ29vZ2xlLmNvbSUyRm1hcHMlMkZlbWJlZCUzRnBiJTNEJTIxMW0xOCUyMTFtMTIlMjExbTMlMjExZDI5MTAuMjY2NDkyODE1ODg3NCUyMTJkLTIuNzgyNDIyMjIzMzY2NTQ0MyUyMTNkNDMuMTYxOTI5OTg0MDY1NDQlMjEybTMlMjExZjAlMjEyZjAlMjEzZjAlMjEzbTIlMjExaTEwMjQlMjEyaTc2OCUyMTRmMTMuMSUyMTNtMyUyMTFtMiUyMTFzMHhkNGU0YTlmYmNhYzc0OTElMjUzQTB4ODI2YmNkNTUzNDNmYTRkNSUyMTJzQXYuJTI1MjBMZWhlbmRha2FyaSUyNTIwQWdpcnJlJTI1MkMlMjUyMDExJTI1MkMlMjUyMDQ4MTQwJTI1MjBZdXJyZSUyNTJDJTI1MjBWaXpjYXlhJTIxNWUwJTIxM20yJTIxMXNlcyUyMTJzZXMlMjE0djE3MDM2NzYxNjg3MjMlMjE1bTIlMjExc2VzJTIxMnNlcyUyMiUyMHdpZHRoJTNEJTIyNjAwJTIyJTIwaGVpZ2h0JTNEJTIyNDUwJTIyJTIwc3R5bGUlM0QlMjJib3JkZXIlM0EwJTNCJTIyJTIwYWxsb3dmdWxsc2NyZWVuJTNEJTIyJTIyJTIwbG9hZGluZyUzRCUyMmxhenklMjIlMjByZWZlcnJlcnBvbGljeSUzRCUyMm5vLXJlZmVycmVyLXdoZW4tZG93bmdyYWRlJTIyJTNFJTNDJTJGaWZyYW1lJTNF[\/vc_raw_html][\/vc_column_inner][vc_column_inner width=&#8221;1\/2&#8243; [&hellip;]","og_url":"https:\/\/www.bideonarratian.eus\/eu\/kontaktua\/","og_site_name":"bideON ARRATIAN","article_publisher":"https:\/\/www.facebook.com\/bideONARRATIAN","article_modified_time":"2025-03-11T13:45:16+00:00","og_image":[{"width":1920,"height":1049,"url":"https:\/\/www.bideonarratian.eus\/wp-content\/uploads\/2024\/01\/IMG_6522.jpg","type":"image\/jpeg"}],"twitter_card":"summary_large_image","twitter_misc":{"Est. reading time":"1 minute"},"schema":{"@context":"https:\/\/schema.org","@graph":[{"@type":"WebPage","@id":"https:\/\/www.bideonarratian.eus\/eu\/kontaktua\/","url":"https:\/\/www.bideonarratian.eus\/eu\/kontaktua\/","name":"Kontaktua - bideON ARRATIAN","isPartOf":{"@id":"https:\/\/www.bideonarratian.eus\/eu\/#website"},"primaryImageOfPage":{"@id":"https:\/\/www.bideonarratian.eus\/eu\/kontaktua\/#primaryimage"},"image":{"@id":"https:\/\/www.bideonarratian.eus\/eu\/kontaktua\/#primaryimage"},"thumbnailUrl":"https:\/\/www.bideonarratian.eus\/wp-content\/uploads\/2024\/01\/IMG_6522.jpg","datePublished":"2018-10-22T11:48:22+00:00","dateModified":"2025-03-11T13:45:16+00:00","breadcrumb":{"@id":"https:\/\/www.bideonarratian.eus\/eu\/kontaktua\/#breadcrumb"},"inLanguage":"eu-ES","potentialAction":[{"@type":"ReadAction","target":["https:\/\/www.bideonarratian.eus\/eu\/kontaktua\/"]}]},{"@type":"ImageObject","inLanguage":"eu-ES","@id":"https:\/\/www.bideonarratian.eus\/eu\/kontaktua\/#primaryimage","url":"https:\/\/www.bideonarratian.eus\/wp-content\/uploads\/2024\/01\/IMG_6522.jpg","contentUrl":"https:\/\/www.bideonarratian.eus\/wp-content\/uploads\/2024\/01\/IMG_6522.jpg","width":1920,"height":1049},{"@type":"BreadcrumbList","@id":"https:\/\/www.bideonarratian.eus\/eu\/kontaktua\/#breadcrumb","itemListElement":[{"@type":"ListItem","position":1,"name":"Portada","item":"https:\/\/www.bideonarratian.eus\/eu\/"},{"@type":"ListItem","position":2,"name":"Kontaktua"}]},{"@type":"WebSite","@id":"https:\/\/www.bideonarratian.eus\/eu\/#website","url":"https:\/\/www.bideonarratian.eus\/eu\/","name":"bideON ARRATIAN","description":"Servicio de transporte bajo demanda para acercar al n\u00facleo urbano a las personas del Valle de Arratia mayores de 65 a\u00f1os (incluso a los que no puedan desplazarse de forma aut\u00f3noma).","publisher":{"@id":"https:\/\/www.bideonarratian.eus\/eu\/#organization"},"alternateName":"Servicio de transporte sostenible a la demanda en el Valle de Arratia","potentialAction":[{"@type":"SearchAction","target":{"@type":"EntryPoint","urlTemplate":"https:\/\/www.bideonarratian.eus\/eu\/?s={search_term_string}"},"query-input":{"@type":"PropertyValueSpecification","valueRequired":true,"valueName":"search_term_string"}}],"inLanguage":"eu-ES"},{"@type":"Organization","@id":"https:\/\/www.bideonarratian.eus\/eu\/#organization","name":"bideON ARRATIAN","url":"https:\/\/www.bideonarratian.eus\/eu\/","logo":{"@type":"ImageObject","inLanguage":"eu-ES","@id":"https:\/\/www.bideonarratian.eus\/eu\/#\/schema\/logo\/image\/","url":"https:\/\/www.bideonarratian.eus\/wp-content\/uploads\/2023\/12\/bideon-logo.png","contentUrl":"https:\/\/www.bideonarratian.eus\/wp-content\/uploads\/2023\/12\/bideon-logo.png","width":500,"height":176,"caption":"bideON ARRATIAN"},"image":{"@id":"https:\/\/www.bideonarratian.eus\/eu\/#\/schema\/logo\/image\/"},"sameAs":["https:\/\/www.facebook.com\/bideONARRATIAN","https:\/\/www.instagram.com\/bideON_ARRATIAN","https:\/\/www.tiktok.com\/@bideon_arratian"]}]}},"_links":{"self":[{"href":"https:\/\/www.bideonarratian.eus\/eu\/wp-json\/wp\/v2\/pages\/8301","targetHints":{"allow":["GET"]}}],"collection":[{"href":"https:\/\/www.bideonarratian.eus\/eu\/wp-json\/wp\/v2\/pages"}],"about":[{"href":"https:\/\/www.bideonarratian.eus\/eu\/wp-json\/wp\/v2\/types\/page"}],"author":[{"embeddable":true,"href":"https:\/\/www.bideonarratian.eus\/eu\/wp-json\/wp\/v2\/users\/1"}],"replies":[{"embeddable":true,"href":"https:\/\/www.bideonarratian.eus\/eu\/wp-json\/wp\/v2\/comments?post=8301"}],"version-history":[{"count":6,"href":"https:\/\/www.bideonarratian.eus\/eu\/wp-json\/wp\/v2\/pages\/8301\/revisions"}],"predecessor-version":[{"id":8972,"href":"https:\/\/www.bideonarratian.eus\/eu\/wp-json\/wp\/v2\/pages\/8301\/revisions\/8972"}],"wp:featuredmedia":[{"embeddable":true,"href":"https:\/\/www.bideonarratian.eus\/eu\/wp-json\/wp\/v2\/media\/7815"}],"wp:attachment":[{"href":"https:\/\/www.bideonarratian.eus\/eu\/wp-json\/wp\/v2\/media?parent=8301"}],"curies":[{"name":"wp","href":"https:\/\/api.w.org\/{rel}","templated":true}]}}