{"id":8240,"date":"2024-01-19T08:59:52","date_gmt":"2024-01-19T07:59:52","guid":{"rendered":"https:\/\/www.bideonarratian.eus\/registro-y-alta-en-el-servicio\/"},"modified":"2024-09-06T10:51:48","modified_gmt":"2024-09-06T08:51:48","slug":"zerbitzuan-erregistratzea-eta-alta-ematea","status":"publish","type":"page","link":"https:\/\/www.bideonarratian.eus\/eu\/zerbitzuan-erregistratzea-eta-alta-ematea\/","title":{"rendered":"Zerbitzuan erregistratzea eta alta ematea"},"content":{"rendered":"<div class=\"wpb-content-wrapper\"><p>[vc_row full_width=&#8221;stretch_row&#8221;][vc_column][vc_row_inner equal_height=&#8221;yes&#8221; content_placement=&#8221;middle&#8221; css=&#8221;.vc_custom_1705652720484{padding-top: 50px !important;padding-bottom: 50px !important;}&#8221; el_class=&#8221;small-pb0&#8243; el_id=&#8221;registro-fila-top&#8221;][vc_column_inner width=&#8221;1\/2&#8243; css=&#8221;.vc_custom_1541584725422{padding-right: 20px !important;}&#8221;]<header class=\"kd-section-title col-lg-12 text-left  kd-animated fadeIn   vc_custom_1706522794750\" data-animation-delay=200><h2 class=\"separator_off\" >Zelan erregistratu zerbitzuan<\/h2><\/header>[vc_column_text]Baldintzak betetzen dituzten pertsonak 94 471 46 24 telefono-zenbakiaren edo bideON aplikazioaren bidez erregistra daitezke, edo Igorreko aurrez aurreko arretarako bulegora joanda, euren datu pertsonalak emanez: izen osoa, NANa, telefono-zenbakia eta helbide elektronikoa.<\/p>\n<p>Erregistroa osatzeko, NANaren argazki bat eman beharko da, bi aldeetatik. Ikasleen kasuan, NANaz gain, ikastegiko matrikularen kopia bat aurkeztu beharko da (edo unibertsitateko txartela unibertsitateko\u00a0ikasleen kasuan), eta ikasle adingabeek, berriz, aitak\/amak\/tutoreak sinatutako baimena aurkeztu beharko dute bulegoan.<\/p>\n<p>Bestalde, Foru Aldundiaren Balorazio Zentroak desgaitasuna duten pertsonen kasuan ematen duen ziurtagiriaren kopia bat entregatu beharko da, eta mendetasuna duten pertsonen kasuan, mendetasunaren balorazioaren kopia bat.<\/p>\n<p>Dokumentazio hori bi bide hauetakoren batetik aurkeztu beharko da:<\/p>\n<p>Emailez: <a href=\"mailto:info@bideonarratian.eus\">info@bideonarratian.eus<\/a><\/p>\n<p>Igorreko aurrez aurreko bulegoan: C\/ Lehendakari Agirre 11, bajo 48140 Igorre (Bizkaia).<\/p>\n<p>App-aren kasuan, beharrezkoa da bideON aplikazioa doan deskargatzea Play Store-tik edo App Store-tik (Android eta iOS):[\/vc_column_text][vc_wp_text]<\/p>\n<div class=\"contApp\">\n<div class=\"contDescarga\"><a href=\"https:\/\/play.google.com\/store\/apps\/details?id=com.celering.customer.arratia\" target=\"_blank\" rel=\"noopener\"><br \/>\n<img decoding=\"async\" src=\"\/wp-content\/uploads\/2024\/01\/boton-descarga-google-play-android.png\" alt=\"Google Play\" \/><br \/>\n<\/a><\/div>\n<div class=\"contDescarga\"><a href=\"https:\/\/apps.apple.com\/us\/app\/bideon\/id6475350039\" target=\"_blank\" rel=\"noopener\"><br \/>\n<img decoding=\"async\" src=\"\/wp-content\/uploads\/2024\/01\/boton-descarga-ios-apple-iphone-ipad.png\" alt=\"Apple Store\" \/><br \/>\n<\/a><\/div>\n<\/div>\n<p>[\/vc_wp_text][\/vc_column_inner][vc_column_inner el_class=&#8221;colImgDerecha&#8221; width=&#8221;1\/2&#8243; css=&#8221;.vc_custom_1705652111542{padding-left: 20px !important;}&#8221;][vc_single_image image=&#8221;7788&#8243; img_size=&#8221;full&#8221; alignment=&#8221;center&#8221; css_animation=&#8221;fadeIn&#8221; css=&#8221;.vc_custom_1705320447309{padding-right: 20px !important;}&#8221;][\/vc_column_inner][\/vc_row_inner][\/vc_column][\/vc_row][vc_row full_width=&#8221;stretch_row&#8221;][vc_column][vc_row_inner equal_height=&#8221;yes&#8221; content_placement=&#8221;middle&#8221; css=&#8221;.vc_custom_1705652803318{padding-top: 50px !important;padding-bottom: 80px !important;}&#8221; el_class=&#8221;flex-column-reverse-peque small-pt0&#8243; el_id=&#8221;registro-fila-bottom&#8221;][vc_column_inner el_class=&#8221;colImgIzquierda&#8221; width=&#8221;1\/2&#8243; css=&#8221;.vc_custom_1705652169919{padding-right: 20px !important;}&#8221;][vc_single_image image=&#8221;7607&#8243; img_size=&#8221;full&#8221; alignment=&#8221;center&#8221; css_animation=&#8221;fadeIn&#8221; css=&#8221;.vc_custom_1704272811798{padding-left: 20px !important;}&#8221;][\/vc_column_inner][vc_column_inner width=&#8221;1\/2&#8243; css=&#8221;.vc_custom_1541584731422{padding-left: 20px !important;}&#8221;]<header class=\"kd-section-title col-lg-12 text-left  kd-animated fadeIn   vc_custom_1725612604550\" data-animation-delay=200><h2 class=\"separator_off\" >Zerbitzuan alta ematea<\/h2><h6 class=\"subtitle \" >Behin datuak baieztatuta, eskatzailea bidaiak erreserbatzen hasi ahal izango dira.<\/p>\n<p>Datuak egiaztatzeko epea 48 ordukoa izan daiteke gehienez, eta mezu elektronikoz edo telefonoz jakinaraziko zaio eskatzaileari.<\/h6><\/header>[\/vc_column_inner][\/vc_row_inner][\/vc_column][\/vc_row]<\/p>\n<\/div>","protected":false},"excerpt":{"rendered":"<p>[vc_row full_width=&#8221;stretch_row&#8221;][vc_column][vc_row_inner equal_height=&#8221;yes&#8221; content_placement=&#8221;middle&#8221; css=&#8221;.vc_custom_1705652720484{padding-top: 50px !important;padding-bottom: 50px !important;}&#8221; el_class=&#8221;small-pb0&#8243; el_id=&#8221;registro-fila-top&#8221;][vc_column_inner width=&#8221;1\/2&#8243; css=&#8221;.vc_custom_1541584725422{padding-right: 20px !important;}&#8221;][vc_column_text]Baldintzak betetzen dituzten pertsonak 94 471 [&hellip;]<\/p>\n","protected":false},"author":1,"featured_media":7815,"parent":0,"menu_order":0,"comment_status":"closed","ping_status":"closed","template":"","meta":{"footnotes":""},"class_list":["post-8240","page","type-page","status-publish","has-post-thumbnail","hentry"],"yoast_head":"<!-- This site is optimized with the Yoast SEO plugin v26.7 - https:\/\/yoast.com\/wordpress\/plugins\/seo\/ -->\n<title>Zerbitzuan erregistratzea eta alta ematea - bideON ARRATIAN<\/title>\n<meta name=\"robots\" content=\"index, follow, max-snippet:-1, max-image-preview:large, max-video-preview:-1\" \/>\n<link rel=\"canonical\" href=\"https:\/\/www.bideonarratian.eus\/eu\/zerbitzuan-erregistratzea-eta-alta-ematea\/\" \/>\n<meta property=\"og:locale\" content=\"eu_ES\" \/>\n<meta property=\"og:type\" content=\"article\" \/>\n<meta property=\"og:title\" content=\"Zerbitzuan erregistratzea eta alta ematea - bideON ARRATIAN\" \/>\n<meta property=\"og:description\" content=\"[vc_row full_width=&#8221;stretch_row&#8221;][vc_column][vc_row_inner equal_height=&#8221;yes&#8221; content_placement=&#8221;middle&#8221; css=&#8221;.vc_custom_1705652720484{padding-top: 50px !important;padding-bottom: 50px !important;}&#8221; el_class=&#8221;small-pb0&#8243; el_id=&#8221;registro-fila-top&#8221;][vc_column_inner width=&#8221;1\/2&#8243; css=&#8221;.vc_custom_1541584725422{padding-right: 20px !important;}&#8221;][vc_column_text]Baldintzak betetzen dituzten pertsonak 94 471 [&hellip;]\" \/>\n<meta property=\"og:url\" content=\"https:\/\/www.bideonarratian.eus\/eu\/zerbitzuan-erregistratzea-eta-alta-ematea\/\" \/>\n<meta property=\"og:site_name\" content=\"bideON ARRATIAN\" \/>\n<meta property=\"article:publisher\" content=\"https:\/\/www.facebook.com\/bideONARRATIAN\" \/>\n<meta property=\"article:modified_time\" content=\"2024-09-06T08:51:48+00:00\" \/>\n<meta property=\"og:image\" content=\"https:\/\/www.bideonarratian.eus\/wp-content\/uploads\/2024\/01\/IMG_6522.jpg\" \/>\n\t<meta property=\"og:image:width\" content=\"1920\" \/>\n\t<meta property=\"og:image:height\" content=\"1049\" \/>\n\t<meta property=\"og:image:type\" content=\"image\/jpeg\" \/>\n<meta name=\"twitter:card\" content=\"summary_large_image\" \/>\n<meta name=\"twitter:label1\" content=\"Est. reading time\" \/>\n\t<meta name=\"twitter:data1\" content=\"2 minutes\" \/>\n<script type=\"application\/ld+json\" class=\"yoast-schema-graph\">{\"@context\":\"https:\/\/schema.org\",\"@graph\":[{\"@type\":\"WebPage\",\"@id\":\"https:\/\/www.bideonarratian.eus\/eu\/zerbitzuan-erregistratzea-eta-alta-ematea\/\",\"url\":\"https:\/\/www.bideonarratian.eus\/eu\/zerbitzuan-erregistratzea-eta-alta-ematea\/\",\"name\":\"Zerbitzuan erregistratzea eta alta ematea - bideON ARRATIAN\",\"isPartOf\":{\"@id\":\"https:\/\/www.bideonarratian.eus\/eu\/#website\"},\"primaryImageOfPage\":{\"@id\":\"https:\/\/www.bideonarratian.eus\/eu\/zerbitzuan-erregistratzea-eta-alta-ematea\/#primaryimage\"},\"image\":{\"@id\":\"https:\/\/www.bideonarratian.eus\/eu\/zerbitzuan-erregistratzea-eta-alta-ematea\/#primaryimage\"},\"thumbnailUrl\":\"https:\/\/www.bideonarratian.eus\/wp-content\/uploads\/2024\/01\/IMG_6522.jpg\",\"datePublished\":\"2024-01-19T07:59:52+00:00\",\"dateModified\":\"2024-09-06T08:51:48+00:00\",\"breadcrumb\":{\"@id\":\"https:\/\/www.bideonarratian.eus\/eu\/zerbitzuan-erregistratzea-eta-alta-ematea\/#breadcrumb\"},\"inLanguage\":\"eu-ES\",\"potentialAction\":[{\"@type\":\"ReadAction\",\"target\":[\"https:\/\/www.bideonarratian.eus\/eu\/zerbitzuan-erregistratzea-eta-alta-ematea\/\"]}]},{\"@type\":\"ImageObject\",\"inLanguage\":\"eu-ES\",\"@id\":\"https:\/\/www.bideonarratian.eus\/eu\/zerbitzuan-erregistratzea-eta-alta-ematea\/#primaryimage\",\"url\":\"https:\/\/www.bideonarratian.eus\/wp-content\/uploads\/2024\/01\/IMG_6522.jpg\",\"contentUrl\":\"https:\/\/www.bideonarratian.eus\/wp-content\/uploads\/2024\/01\/IMG_6522.jpg\",\"width\":1920,\"height\":1049},{\"@type\":\"BreadcrumbList\",\"@id\":\"https:\/\/www.bideonarratian.eus\/eu\/zerbitzuan-erregistratzea-eta-alta-ematea\/#breadcrumb\",\"itemListElement\":[{\"@type\":\"ListItem\",\"position\":1,\"name\":\"Portada\",\"item\":\"https:\/\/www.bideonarratian.eus\/eu\/\"},{\"@type\":\"ListItem\",\"position\":2,\"name\":\"Zerbitzuan erregistratzea eta alta ematea\"}]},{\"@type\":\"WebSite\",\"@id\":\"https:\/\/www.bideonarratian.eus\/eu\/#website\",\"url\":\"https:\/\/www.bideonarratian.eus\/eu\/\",\"name\":\"bideON ARRATIAN\",\"description\":\"Servicio de transporte bajo demanda para acercar al n\u00facleo urbano a las personas del Valle de Arratia mayores de 65 a\u00f1os (incluso a los que no puedan desplazarse de forma aut\u00f3noma).\",\"publisher\":{\"@id\":\"https:\/\/www.bideonarratian.eus\/eu\/#organization\"},\"alternateName\":\"Servicio de transporte sostenible a la demanda en el Valle de Arratia\",\"potentialAction\":[{\"@type\":\"SearchAction\",\"target\":{\"@type\":\"EntryPoint\",\"urlTemplate\":\"https:\/\/www.bideonarratian.eus\/eu\/?s={search_term_string}\"},\"query-input\":{\"@type\":\"PropertyValueSpecification\",\"valueRequired\":true,\"valueName\":\"search_term_string\"}}],\"inLanguage\":\"eu-ES\"},{\"@type\":\"Organization\",\"@id\":\"https:\/\/www.bideonarratian.eus\/eu\/#organization\",\"name\":\"bideON ARRATIAN\",\"url\":\"https:\/\/www.bideonarratian.eus\/eu\/\",\"logo\":{\"@type\":\"ImageObject\",\"inLanguage\":\"eu-ES\",\"@id\":\"https:\/\/www.bideonarratian.eus\/eu\/#\/schema\/logo\/image\/\",\"url\":\"https:\/\/www.bideonarratian.eus\/wp-content\/uploads\/2023\/12\/bideon-logo.png\",\"contentUrl\":\"https:\/\/www.bideonarratian.eus\/wp-content\/uploads\/2023\/12\/bideon-logo.png\",\"width\":500,\"height\":176,\"caption\":\"bideON ARRATIAN\"},\"image\":{\"@id\":\"https:\/\/www.bideonarratian.eus\/eu\/#\/schema\/logo\/image\/\"},\"sameAs\":[\"https:\/\/www.facebook.com\/bideONARRATIAN\",\"https:\/\/www.instagram.com\/bideON_ARRATIAN\",\"https:\/\/www.tiktok.com\/@bideon_arratian\"]}]}<\/script>\n<!-- \/ Yoast SEO plugin. -->","yoast_head_json":{"title":"Zerbitzuan erregistratzea eta alta ematea - bideON ARRATIAN","robots":{"index":"index","follow":"follow","max-snippet":"max-snippet:-1","max-image-preview":"max-image-preview:large","max-video-preview":"max-video-preview:-1"},"canonical":"https:\/\/www.bideonarratian.eus\/eu\/zerbitzuan-erregistratzea-eta-alta-ematea\/","og_locale":"eu_ES","og_type":"article","og_title":"Zerbitzuan erregistratzea eta alta ematea - bideON ARRATIAN","og_description":"[vc_row full_width=&#8221;stretch_row&#8221;][vc_column][vc_row_inner equal_height=&#8221;yes&#8221; content_placement=&#8221;middle&#8221; css=&#8221;.vc_custom_1705652720484{padding-top: 50px !important;padding-bottom: 50px !important;}&#8221; el_class=&#8221;small-pb0&#8243; el_id=&#8221;registro-fila-top&#8221;][vc_column_inner width=&#8221;1\/2&#8243; css=&#8221;.vc_custom_1541584725422{padding-right: 20px !important;}&#8221;][vc_column_text]Baldintzak betetzen dituzten pertsonak 94 471 [&hellip;]","og_url":"https:\/\/www.bideonarratian.eus\/eu\/zerbitzuan-erregistratzea-eta-alta-ematea\/","og_site_name":"bideON ARRATIAN","article_publisher":"https:\/\/www.facebook.com\/bideONARRATIAN","article_modified_time":"2024-09-06T08:51:48+00:00","og_image":[{"width":1920,"height":1049,"url":"https:\/\/www.bideonarratian.eus\/wp-content\/uploads\/2024\/01\/IMG_6522.jpg","type":"image\/jpeg"}],"twitter_card":"summary_large_image","twitter_misc":{"Est. reading time":"2 minutes"},"schema":{"@context":"https:\/\/schema.org","@graph":[{"@type":"WebPage","@id":"https:\/\/www.bideonarratian.eus\/eu\/zerbitzuan-erregistratzea-eta-alta-ematea\/","url":"https:\/\/www.bideonarratian.eus\/eu\/zerbitzuan-erregistratzea-eta-alta-ematea\/","name":"Zerbitzuan erregistratzea eta alta ematea - bideON ARRATIAN","isPartOf":{"@id":"https:\/\/www.bideonarratian.eus\/eu\/#website"},"primaryImageOfPage":{"@id":"https:\/\/www.bideonarratian.eus\/eu\/zerbitzuan-erregistratzea-eta-alta-ematea\/#primaryimage"},"image":{"@id":"https:\/\/www.bideonarratian.eus\/eu\/zerbitzuan-erregistratzea-eta-alta-ematea\/#primaryimage"},"thumbnailUrl":"https:\/\/www.bideonarratian.eus\/wp-content\/uploads\/2024\/01\/IMG_6522.jpg","datePublished":"2024-01-19T07:59:52+00:00","dateModified":"2024-09-06T08:51:48+00:00","breadcrumb":{"@id":"https:\/\/www.bideonarratian.eus\/eu\/zerbitzuan-erregistratzea-eta-alta-ematea\/#breadcrumb"},"inLanguage":"eu-ES","potentialAction":[{"@type":"ReadAction","target":["https:\/\/www.bideonarratian.eus\/eu\/zerbitzuan-erregistratzea-eta-alta-ematea\/"]}]},{"@type":"ImageObject","inLanguage":"eu-ES","@id":"https:\/\/www.bideonarratian.eus\/eu\/zerbitzuan-erregistratzea-eta-alta-ematea\/#primaryimage","url":"https:\/\/www.bideonarratian.eus\/wp-content\/uploads\/2024\/01\/IMG_6522.jpg","contentUrl":"https:\/\/www.bideonarratian.eus\/wp-content\/uploads\/2024\/01\/IMG_6522.jpg","width":1920,"height":1049},{"@type":"BreadcrumbList","@id":"https:\/\/www.bideonarratian.eus\/eu\/zerbitzuan-erregistratzea-eta-alta-ematea\/#breadcrumb","itemListElement":[{"@type":"ListItem","position":1,"name":"Portada","item":"https:\/\/www.bideonarratian.eus\/eu\/"},{"@type":"ListItem","position":2,"name":"Zerbitzuan erregistratzea eta alta ematea"}]},{"@type":"WebSite","@id":"https:\/\/www.bideonarratian.eus\/eu\/#website","url":"https:\/\/www.bideonarratian.eus\/eu\/","name":"bideON ARRATIAN","description":"Servicio de transporte bajo demanda para acercar al n\u00facleo urbano a las personas del Valle de Arratia mayores de 65 a\u00f1os (incluso a los que no puedan desplazarse de forma aut\u00f3noma).","publisher":{"@id":"https:\/\/www.bideonarratian.eus\/eu\/#organization"},"alternateName":"Servicio de transporte sostenible a la demanda en el Valle de Arratia","potentialAction":[{"@type":"SearchAction","target":{"@type":"EntryPoint","urlTemplate":"https:\/\/www.bideonarratian.eus\/eu\/?s={search_term_string}"},"query-input":{"@type":"PropertyValueSpecification","valueRequired":true,"valueName":"search_term_string"}}],"inLanguage":"eu-ES"},{"@type":"Organization","@id":"https:\/\/www.bideonarratian.eus\/eu\/#organization","name":"bideON ARRATIAN","url":"https:\/\/www.bideonarratian.eus\/eu\/","logo":{"@type":"ImageObject","inLanguage":"eu-ES","@id":"https:\/\/www.bideonarratian.eus\/eu\/#\/schema\/logo\/image\/","url":"https:\/\/www.bideonarratian.eus\/wp-content\/uploads\/2023\/12\/bideon-logo.png","contentUrl":"https:\/\/www.bideonarratian.eus\/wp-content\/uploads\/2023\/12\/bideon-logo.png","width":500,"height":176,"caption":"bideON ARRATIAN"},"image":{"@id":"https:\/\/www.bideonarratian.eus\/eu\/#\/schema\/logo\/image\/"},"sameAs":["https:\/\/www.facebook.com\/bideONARRATIAN","https:\/\/www.instagram.com\/bideON_ARRATIAN","https:\/\/www.tiktok.com\/@bideon_arratian"]}]}},"_links":{"self":[{"href":"https:\/\/www.bideonarratian.eus\/eu\/wp-json\/wp\/v2\/pages\/8240","targetHints":{"allow":["GET"]}}],"collection":[{"href":"https:\/\/www.bideonarratian.eus\/eu\/wp-json\/wp\/v2\/pages"}],"about":[{"href":"https:\/\/www.bideonarratian.eus\/eu\/wp-json\/wp\/v2\/types\/page"}],"author":[{"embeddable":true,"href":"https:\/\/www.bideonarratian.eus\/eu\/wp-json\/wp\/v2\/users\/1"}],"replies":[{"embeddable":true,"href":"https:\/\/www.bideonarratian.eus\/eu\/wp-json\/wp\/v2\/comments?post=8240"}],"version-history":[{"count":9,"href":"https:\/\/www.bideonarratian.eus\/eu\/wp-json\/wp\/v2\/pages\/8240\/revisions"}],"predecessor-version":[{"id":8819,"href":"https:\/\/www.bideonarratian.eus\/eu\/wp-json\/wp\/v2\/pages\/8240\/revisions\/8819"}],"wp:featuredmedia":[{"embeddable":true,"href":"https:\/\/www.bideonarratian.eus\/eu\/wp-json\/wp\/v2\/media\/7815"}],"wp:attachment":[{"href":"https:\/\/www.bideonarratian.eus\/eu\/wp-json\/wp\/v2\/media?parent=8240"}],"curies":[{"name":"wp","href":"https:\/\/api.w.org\/{rel}","templated":true}]}}