{"id":8227,"date":"2024-01-18T08:51:07","date_gmt":"2024-01-18T07:51:07","guid":{"rendered":"https:\/\/www.bideonarratian.eus\/universitarios\/"},"modified":"2025-02-06T18:18:10","modified_gmt":"2025-02-06T17:18:10","slug":"ikasleentzako-zerbitzuak","status":"publish","type":"page","link":"https:\/\/www.bideonarratian.eus\/eu\/ikasleentzako-zerbitzuak\/","title":{"rendered":"Ikasleentzako zerbitzuak"},"content":{"rendered":"<div class=\"wpb-content-wrapper\"><p>[vc_row][vc_column][vc_empty_space][\/vc_column][\/vc_row][vc_row equal_height=&#8221;yes&#8221; content_placement=&#8221;middle&#8221;][vc_column width=&#8221;1\/2&#8243; el_class=&#8221;colImgIzquierda&#8221;][vc_single_image image=&#8221;8318&#8243; img_size=&#8221;full&#8221; alignment=&#8221;center&#8221;][\/vc_column][vc_column width=&#8221;1\/2&#8243;]<header class=\"kd-section-title col-lg-12 text-left    \" ><h2 class=\"separator_off\" >Lotura unibertsitateekin, LHko zentroekin eta HHI zentroekin<\/h2><\/header>[vc_column_text]BideON ARRATIAN zerbitzuak <strong>Arratian bizi diren ikasleei ohiko garraio publikoarekiko konexioa erraztu nahi die, unibertsitateko, Lanbide Heziketako eta Helduen Hezkuntzako zentrorik hurbilenekoenetara joan daitezen ikastera<\/strong>, auto partikularra hartu beharrik izan ez dezaten.<\/p>\n<p>Hori dela eta, Arratiako Mankomunitateak <strong>hurbileko zerbitzu bat ezarri du zentro horietako ikasleentzat<\/strong>, <strong>Taxi Partekatua izenekoa<\/strong>, etxebizitzetatik Lemoara edo Zornotzara egiten diren joan-etorriak estaltzen dituena. Horrela, taxi-zerbitzu horrek, hala eskatuz gero, inguruko garraio publikoko linea nagusiekiko konexioa errazten die (Euskotren eta Bizkaibus).[\/vc_column_text][\/vc_column][\/vc_row][vc_row][vc_column][vc_empty_space height=&#8221;80px&#8221;][\/vc_column][\/vc_row][vc_row full_width=&#8221;stretch_row&#8221; equal_height=&#8221;yes&#8221; content_placement=&#8221;middle&#8221; css=&#8221;.vc_custom_1705570904442{background-color: #f5f5f5 !important;}&#8221;][vc_column width=&#8221;1\/2&#8243; css=&#8221;.vc_custom_1522316929719{padding-top: 0px !important;}&#8221; offset=&#8221;vc_col-lg-6 vc_col-md-12&#8243;][vc_row_inner css=&#8221;.vc_custom_1539613321875{padding-top: 60px !important;}&#8221;][vc_column_inner offset=&#8221;vc_col-lg-offset-0 vc_col-md-offset-1 vc_col-sm-offset-1&#8243; css=&#8221;.vc_custom_1704201572196{padding-bottom: 50px !important;}&#8221; el_id=&#8221;iconos-funciona&#8221;]<header class=\"kd-section-title col-lg-12 text-left    \" ><h2 class=\"separator_off\" >Taxi partekatua<\/h2><\/header>[vc_column_text]<strong>Taxi Partekatua<\/strong> eskaripeko zerbitzua da, unibertsitateko, Goi Mailako LHko eta HHIko ikasleek euren etxeetatik campusen -edo ikastegien- artean egin ohi dituzten joan-etorrietarako. Zazpi geraleku ditu, udalerri hauen erdigunean: Zeanuri, Areatza, Artea, Arantzazu, Igorre, Bedia eta Lemoa. Azken hori da garrantzitsuena, Bilbora iristen den garraio publikoarekin (Euskotren eta Bizkaibus) duen lotura dela-eta.<\/p>\n<p>Arratiatik kanpo geraleku bat dago, Zornotzan hain zuzen ere, Bizkaibusekin konektatzeko funtsezko geraleku gisa.[\/vc_column_text][\/vc_column_inner][\/vc_row_inner][\/vc_column][vc_column width=&#8221;1\/2&#8243; offset=&#8221;vc_col-lg-6 vc_col-md-12&#8243;][vc_row_inner css=&#8221;.vc_custom_1705570850902{background-position: center !important;background-repeat: no-repeat !important;background-size: cover !important;}&#8221;][vc_column_inner css=&#8221;.vc_custom_1511789291663{padding-top: 0px !important;padding-bottom: 0px !important;}&#8221;][vc_single_image image=&#8221;8101&#8243; img_size=&#8221;full&#8221; alignment=&#8221;center&#8221;][\/vc_column_inner][\/vc_row_inner][\/vc_column][\/vc_row][vc_row full_width=&#8221;stretch_row&#8221; css=&#8221;.vc_custom_1706011869200{background-color: #f5f5f5 !important;}&#8221;][vc_column width=&#8221;1\/2&#8243;]<ul class=\"kd-icon-list kd-animated fadeIn lista-funciona pl15\" ><li class=\"kd-icon-list-item\"><i class=\"far fa-clock\" style=\"font-size:48px;\"><\/i><span class=\"kd-list-text\" ><\/p>\n<h4 class=\"service-heading\">Ordutegia<\/h4>\n<p>Astelehenetik ostiralera (eskola-egunak).<\/p>\n<p class=\"mb0\">Joanak:<\/p>\n<ul class=\"mb20\">\n<li>Lemoa: 7:05<\/li>\n<li>Zornotza: 7:10<\/li>\n<\/ul>\n<p>Eskola-egunetan, EHUko, Mondragon Unibertsitateko eta Deustuko unibertsitate-egutegiaren arabera, zerbitzua\u00a0Mankomunitateko udalerrietako lanegunetan. Udalerri horietako tokiko jaiegunetan, zerbitzua eskuragarri egongo da.<\/li><\/ul>[\/vc_column][vc_column width=&#8221;1\/2&#8243;]<ul class=\"kd-icon-list kd-animated fadeIn lista-funciona pl15\" ><li class=\"kd-icon-list-item\"><i class=\"fas fa-euro-sign\" style=\"font-size:48px;\"><\/i><span class=\"kd-list-text\" ><\/p>\n<h4 class=\"service-heading\">Tarifak<\/h4>\n<p>Bidaia bakoitzak euro 1 balioko du (BEZa barne), Mankomunitatetik kanpo dauden udalerrietarako bidaietan izan ezik. Azken honetan bidaia bakoitzak 1,5 \u20ac balioko duelako (BEZa barne).<\/li><\/ul>[\/vc_column][\/vc_row][vc_row][vc_column][vc_empty_space height=&#8221;80px&#8221;][\/vc_column][\/vc_row][vc_row][vc_column]<header class=\"kd-section-title col-lg-12 text-left    \" ><h2 class=\"separator_off\" >Ibilbideak<\/h2><\/header>[vc_column_text]<\/p>\n<h4 class=\"separator_off\">Unibertsitateko Taxia<\/h4>\n<p>Zerbitzu horrek aurretik zehaztutako 8 geralekuko ibilbidea du, horietako bi Arratiatik kanpo:<\/p>\n<p>Joaneko ibilbidea: Zeanuri, Areatza, Artea, Arantzazu, Igorre, Lemoa, Bedia eta Zornotza.<\/p>\n<p>&nbsp;<\/p>\n<h4 class=\"separator_off\"><strong>Hurbileko Taxi<\/strong>a<\/h4>\n<p>Gertuko zerbitzu horrek ikasleak etxetik gertu hartuko ditu, eta euren udalerriari dagokion <strong>Unibertsitateko Taxiaren<\/strong>\u00a0geralekura eramango ditu.<\/p>\n<p>&nbsp;<\/p>\n<h4 class=\"separator_off\">U<strong>nibertsitateko Taxia + Hurbileko Taxi<\/strong>a<\/h4>\n<p>Garraio konbinatuko zerbitzu horrek <strong>Unibertsitateko Taxia<\/strong>\u00a0eta <strong>Hurbileko Taxia<\/strong>\u00a0zerbitzuetan deskribatutako geralekuak ditu.[\/vc_column_text][vc_empty_space][\/vc_column][\/vc_row][vc_row equal_height=&#8221;yes&#8221; content_placement=&#8221;middle&#8221;][vc_column width=&#8221;1\/2&#8243; el_class=&#8221;colImgIzquierda&#8221;][vc_single_image image=&#8221;8777&#8243; img_size=&#8221;full&#8221; alignment=&#8221;center&#8221;][\/vc_column][vc_column width=&#8221;1\/2&#8243;][vc_column_text]Hauek dira <strong>Unibertsitateko Taxiak<\/strong>\u00a0udalerri bakoitzerako aurretik zehaztuta dituen geralekuak:<\/p>\n<ul class=\"no-disc\">\n<li>Arantzazu <i class=\"fa fa-arrow-right icon-only\" aria-hidden=\"true\"><\/i> Arantzazuko Udala.<\/li>\n<li>Areatza <i class=\"fa fa-arrow-right icon-only\" aria-hidden=\"true\"><\/i> Areatzako Udala edo Arantzazuko Udala.<\/li>\n<li>Artea <i class=\"fa fa-arrow-right icon-only\" aria-hidden=\"true\"><\/i> Arteako Udala edo Arantzazuko Udala.<\/li>\n<li>Bedia <i class=\"fa fa-arrow-right icon-only\" aria-hidden=\"true\"><\/i> Bedia (Elexalde 2640 autobus-geltokia).<\/li>\n<li>Dima <i class=\"fa fa-arrow-right icon-only\" aria-hidden=\"true\"><\/i> Igorre (Elexalde 3226 autobus-geltokia).<\/li>\n<li>Igorre <i class=\"fa fa-arrow-right icon-only\" aria-hidden=\"true\"><\/i> Igorre (Elexalde 3226 autobus-geltokia).<\/li>\n<li>Lemoa <i class=\"fa fa-arrow-right icon-only\" aria-hidden=\"true\"><\/i> Lemoa (Euskotreneko geltokia).<\/li>\n<li>Ubide <i class=\"fa fa-arrow-right icon-only\" aria-hidden=\"true\"><\/i> Zeanuri (San Isidro 5).<\/li>\n<li>Zeanuri <i class=\"fa fa-arrow-right icon-only\" aria-hidden=\"true\"><\/i> Zeanuri (San Isidro 5).<\/li>\n<li>Zornotza <i class=\"fa fa-arrow-right icon-only\" aria-hidden=\"true\"><\/i> Bizkaibus-geltokia.<\/li>\n<\/ul>\n<p>Hauek dira <strong>Hurbileko Taxiaren<\/strong>\u00a0ibilbideak udalerri bakoitzerako:<\/p>\n<ul class=\"no-disc\">\n<li>Arantzazu (auzo periferikoak) <i class=\"fa fa-arrow-right icon-only\" aria-hidden=\"true\"><\/i> Arantzazu erdialdea (eta alderantziz).<\/li>\n<li>Areatza <i class=\"fa fa-arrow-right icon-only\" aria-hidden=\"true\"><\/i> Arantzazu erdialdea (eta alderantziz).<\/li>\n<li>Artea <i class=\"fa fa-arrow-right icon-only\" aria-hidden=\"true\"><\/i> Arantzazu erdialdea (eta alderantziz).<\/li>\n<li>Bedia (auzo periferikoak) <i class=\"fa fa-arrow-right icon-only\" aria-hidden=\"true\"><\/i> Bedia erdialdea (eta alderantziz).<\/li>\n<li>Dima <i class=\"fa fa-arrow-right icon-only\" aria-hidden=\"true\"><\/i> Igorre erdialdea (eta alderantziz).<\/li>\n<li>Igorre (auzo periferikoak) <i class=\"fa fa-arrow-right icon-only\" aria-hidden=\"true\"><\/i> Igorre erdialdea (eta alderantziz).<\/li>\n<li>Lemoa (auzo periferikoak) <i class=\"fa fa-arrow-right icon-only\" aria-hidden=\"true\"><\/i> Lemoa erdialdea (eta alderantziz).<\/li>\n<li>Ubide <i class=\"fa fa-arrow-right icon-only\" aria-hidden=\"true\"><\/i> Zeanuri erdialdea (eta alderantziz).<\/li>\n<li>Zeanuri (auzo periferikoak) <i class=\"fa fa-arrow-right icon-only\" aria-hidden=\"true\"><\/i> Zeanuri erdialdea (eta alderantziz).<\/li>\n<\/ul>\n<p>Udalerrietako gune sakabanatuetako geralekuak Aplikazioan, telefonoz, posta elektronikoz edo herritarren arretarako <strong>bideON ARRATIAN<\/strong>\u00a0bulegoan kontsultatu ahal izango dira.[\/vc_column_text][\/vc_column][\/vc_row][vc_row][vc_column][vc_empty_space height=&#8221;60px&#8221;][\/vc_column][\/vc_row]<\/p>\n<\/div>","protected":false},"excerpt":{"rendered":"<p>[vc_row][vc_column][vc_empty_space][\/vc_column][\/vc_row][vc_row equal_height=&#8221;yes&#8221; content_placement=&#8221;middle&#8221;][vc_column width=&#8221;1\/2&#8243; el_class=&#8221;colImgIzquierda&#8221;][vc_single_image image=&#8221;8318&#8243; img_size=&#8221;full&#8221; alignment=&#8221;center&#8221;][\/vc_column][vc_column width=&#8221;1\/2&#8243;][vc_column_text]BideON ARRATIAN zerbitzuak Arratian bizi diren ikasleei ohiko garraio publikoarekiko konexioa erraztu [&hellip;]<\/p>\n","protected":false},"author":1,"featured_media":8531,"parent":0,"menu_order":0,"comment_status":"closed","ping_status":"closed","template":"","meta":{"footnotes":""},"class_list":["post-8227","page","type-page","status-publish","has-post-thumbnail","hentry"],"yoast_head":"<!-- This site is optimized with the Yoast SEO plugin v27.3 - https:\/\/yoast.com\/product\/yoast-seo-wordpress\/ -->\n<title>Ikasleentzako zerbitzuak - bideON ARRATIAN<\/title>\n<meta name=\"robots\" content=\"index, follow, max-snippet:-1, max-image-preview:large, max-video-preview:-1\" \/>\n<link rel=\"canonical\" href=\"https:\/\/www.bideonarratian.eus\/eu\/ikasleentzako-zerbitzuak\/\" \/>\n<meta property=\"og:locale\" content=\"eu_ES\" \/>\n<meta property=\"og:type\" content=\"article\" \/>\n<meta property=\"og:title\" content=\"Ikasleentzako zerbitzuak - bideON ARRATIAN\" \/>\n<meta property=\"og:description\" content=\"[vc_row][vc_column][vc_empty_space][\/vc_column][\/vc_row][vc_row equal_height=&#8221;yes&#8221; content_placement=&#8221;middle&#8221;][vc_column width=&#8221;1\/2&#8243; el_class=&#8221;colImgIzquierda&#8221;][vc_single_image image=&#8221;8318&#8243; img_size=&#8221;full&#8221; alignment=&#8221;center&#8221;][\/vc_column][vc_column width=&#8221;1\/2&#8243;][vc_column_text]BideON ARRATIAN zerbitzuak Arratian bizi diren ikasleei ohiko garraio publikoarekiko konexioa erraztu [&hellip;]\" \/>\n<meta property=\"og:url\" content=\"https:\/\/www.bideonarratian.eus\/eu\/ikasleentzako-zerbitzuak\/\" \/>\n<meta property=\"og:site_name\" content=\"bideON ARRATIAN\" \/>\n<meta property=\"article:publisher\" content=\"https:\/\/www.facebook.com\/bideONARRATIAN\" \/>\n<meta property=\"article:modified_time\" content=\"2025-02-06T17:18:10+00:00\" \/>\n<meta property=\"og:image\" content=\"https:\/\/www.bideonarratian.eus\/wp-content\/uploads\/2024\/04\/friends-sitting-together-against-railing.jpg\" \/>\n\t<meta property=\"og:image:width\" content=\"1920\" \/>\n\t<meta property=\"og:image:height\" content=\"718\" \/>\n\t<meta property=\"og:image:type\" content=\"image\/jpeg\" \/>\n<meta name=\"twitter:card\" content=\"summary_large_image\" \/>\n<meta name=\"twitter:label1\" content=\"Est. reading time\" \/>\n\t<meta name=\"twitter:data1\" content=\"4 minutes\" \/>\n<script type=\"application\/ld+json\" class=\"yoast-schema-graph\">{\"@context\":\"https:\\\/\\\/schema.org\",\"@graph\":[{\"@type\":\"WebPage\",\"@id\":\"https:\\\/\\\/www.bideonarratian.eus\\\/eu\\\/ikasleentzako-zerbitzuak\\\/\",\"url\":\"https:\\\/\\\/www.bideonarratian.eus\\\/eu\\\/ikasleentzako-zerbitzuak\\\/\",\"name\":\"Ikasleentzako zerbitzuak - bideON ARRATIAN\",\"isPartOf\":{\"@id\":\"https:\\\/\\\/www.bideonarratian.eus\\\/eu\\\/#website\"},\"primaryImageOfPage\":{\"@id\":\"https:\\\/\\\/www.bideonarratian.eus\\\/eu\\\/ikasleentzako-zerbitzuak\\\/#primaryimage\"},\"image\":{\"@id\":\"https:\\\/\\\/www.bideonarratian.eus\\\/eu\\\/ikasleentzako-zerbitzuak\\\/#primaryimage\"},\"thumbnailUrl\":\"https:\\\/\\\/www.bideonarratian.eus\\\/wp-content\\\/uploads\\\/2024\\\/04\\\/friends-sitting-together-against-railing.jpg\",\"datePublished\":\"2024-01-18T07:51:07+00:00\",\"dateModified\":\"2025-02-06T17:18:10+00:00\",\"breadcrumb\":{\"@id\":\"https:\\\/\\\/www.bideonarratian.eus\\\/eu\\\/ikasleentzako-zerbitzuak\\\/#breadcrumb\"},\"inLanguage\":\"eu-ES\",\"potentialAction\":[{\"@type\":\"ReadAction\",\"target\":[\"https:\\\/\\\/www.bideonarratian.eus\\\/eu\\\/ikasleentzako-zerbitzuak\\\/\"]}]},{\"@type\":\"ImageObject\",\"inLanguage\":\"eu-ES\",\"@id\":\"https:\\\/\\\/www.bideonarratian.eus\\\/eu\\\/ikasleentzako-zerbitzuak\\\/#primaryimage\",\"url\":\"https:\\\/\\\/www.bideonarratian.eus\\\/wp-content\\\/uploads\\\/2024\\\/04\\\/friends-sitting-together-against-railing.jpg\",\"contentUrl\":\"https:\\\/\\\/www.bideonarratian.eus\\\/wp-content\\\/uploads\\\/2024\\\/04\\\/friends-sitting-together-against-railing.jpg\",\"width\":1920,\"height\":718},{\"@type\":\"BreadcrumbList\",\"@id\":\"https:\\\/\\\/www.bideonarratian.eus\\\/eu\\\/ikasleentzako-zerbitzuak\\\/#breadcrumb\",\"itemListElement\":[{\"@type\":\"ListItem\",\"position\":1,\"name\":\"Portada\",\"item\":\"https:\\\/\\\/www.bideonarratian.eus\\\/eu\\\/\"},{\"@type\":\"ListItem\",\"position\":2,\"name\":\"Ikasleentzako zerbitzuak\"}]},{\"@type\":\"WebSite\",\"@id\":\"https:\\\/\\\/www.bideonarratian.eus\\\/eu\\\/#website\",\"url\":\"https:\\\/\\\/www.bideonarratian.eus\\\/eu\\\/\",\"name\":\"bideON ARRATIAN\",\"description\":\"Servicio de transporte bajo demanda para acercar al n\u00facleo urbano a las personas del Valle de Arratia mayores de 65 a\u00f1os (incluso a los que no puedan desplazarse de forma aut\u00f3noma).\",\"publisher\":{\"@id\":\"https:\\\/\\\/www.bideonarratian.eus\\\/eu\\\/#organization\"},\"alternateName\":\"Servicio de transporte sostenible a la demanda en el Valle de Arratia\",\"potentialAction\":[{\"@type\":\"SearchAction\",\"target\":{\"@type\":\"EntryPoint\",\"urlTemplate\":\"https:\\\/\\\/www.bideonarratian.eus\\\/eu\\\/?s={search_term_string}\"},\"query-input\":{\"@type\":\"PropertyValueSpecification\",\"valueRequired\":true,\"valueName\":\"search_term_string\"}}],\"inLanguage\":\"eu-ES\"},{\"@type\":\"Organization\",\"@id\":\"https:\\\/\\\/www.bideonarratian.eus\\\/eu\\\/#organization\",\"name\":\"bideON ARRATIAN\",\"url\":\"https:\\\/\\\/www.bideonarratian.eus\\\/eu\\\/\",\"logo\":{\"@type\":\"ImageObject\",\"inLanguage\":\"eu-ES\",\"@id\":\"https:\\\/\\\/www.bideonarratian.eus\\\/eu\\\/#\\\/schema\\\/logo\\\/image\\\/\",\"url\":\"https:\\\/\\\/www.bideonarratian.eus\\\/wp-content\\\/uploads\\\/2023\\\/12\\\/bideon-logo.png\",\"contentUrl\":\"https:\\\/\\\/www.bideonarratian.eus\\\/wp-content\\\/uploads\\\/2023\\\/12\\\/bideon-logo.png\",\"width\":500,\"height\":176,\"caption\":\"bideON ARRATIAN\"},\"image\":{\"@id\":\"https:\\\/\\\/www.bideonarratian.eus\\\/eu\\\/#\\\/schema\\\/logo\\\/image\\\/\"},\"sameAs\":[\"https:\\\/\\\/www.facebook.com\\\/bideONARRATIAN\",\"https:\\\/\\\/www.instagram.com\\\/bideON_ARRATIAN\",\"https:\\\/\\\/www.tiktok.com\\\/@bideon_arratian\"]}]}<\/script>\n<!-- \/ Yoast SEO plugin. -->","yoast_head_json":{"title":"Ikasleentzako zerbitzuak - bideON ARRATIAN","robots":{"index":"index","follow":"follow","max-snippet":"max-snippet:-1","max-image-preview":"max-image-preview:large","max-video-preview":"max-video-preview:-1"},"canonical":"https:\/\/www.bideonarratian.eus\/eu\/ikasleentzako-zerbitzuak\/","og_locale":"eu_ES","og_type":"article","og_title":"Ikasleentzako zerbitzuak - bideON ARRATIAN","og_description":"[vc_row][vc_column][vc_empty_space][\/vc_column][\/vc_row][vc_row equal_height=&#8221;yes&#8221; content_placement=&#8221;middle&#8221;][vc_column width=&#8221;1\/2&#8243; el_class=&#8221;colImgIzquierda&#8221;][vc_single_image image=&#8221;8318&#8243; img_size=&#8221;full&#8221; alignment=&#8221;center&#8221;][\/vc_column][vc_column width=&#8221;1\/2&#8243;][vc_column_text]BideON ARRATIAN zerbitzuak Arratian bizi diren ikasleei ohiko garraio publikoarekiko konexioa erraztu [&hellip;]","og_url":"https:\/\/www.bideonarratian.eus\/eu\/ikasleentzako-zerbitzuak\/","og_site_name":"bideON ARRATIAN","article_publisher":"https:\/\/www.facebook.com\/bideONARRATIAN","article_modified_time":"2025-02-06T17:18:10+00:00","og_image":[{"width":1920,"height":718,"url":"https:\/\/www.bideonarratian.eus\/wp-content\/uploads\/2024\/04\/friends-sitting-together-against-railing.jpg","type":"image\/jpeg"}],"twitter_card":"summary_large_image","twitter_misc":{"Est. reading time":"4 minutes"},"schema":{"@context":"https:\/\/schema.org","@graph":[{"@type":"WebPage","@id":"https:\/\/www.bideonarratian.eus\/eu\/ikasleentzako-zerbitzuak\/","url":"https:\/\/www.bideonarratian.eus\/eu\/ikasleentzako-zerbitzuak\/","name":"Ikasleentzako zerbitzuak - bideON ARRATIAN","isPartOf":{"@id":"https:\/\/www.bideonarratian.eus\/eu\/#website"},"primaryImageOfPage":{"@id":"https:\/\/www.bideonarratian.eus\/eu\/ikasleentzako-zerbitzuak\/#primaryimage"},"image":{"@id":"https:\/\/www.bideonarratian.eus\/eu\/ikasleentzako-zerbitzuak\/#primaryimage"},"thumbnailUrl":"https:\/\/www.bideonarratian.eus\/wp-content\/uploads\/2024\/04\/friends-sitting-together-against-railing.jpg","datePublished":"2024-01-18T07:51:07+00:00","dateModified":"2025-02-06T17:18:10+00:00","breadcrumb":{"@id":"https:\/\/www.bideonarratian.eus\/eu\/ikasleentzako-zerbitzuak\/#breadcrumb"},"inLanguage":"eu-ES","potentialAction":[{"@type":"ReadAction","target":["https:\/\/www.bideonarratian.eus\/eu\/ikasleentzako-zerbitzuak\/"]}]},{"@type":"ImageObject","inLanguage":"eu-ES","@id":"https:\/\/www.bideonarratian.eus\/eu\/ikasleentzako-zerbitzuak\/#primaryimage","url":"https:\/\/www.bideonarratian.eus\/wp-content\/uploads\/2024\/04\/friends-sitting-together-against-railing.jpg","contentUrl":"https:\/\/www.bideonarratian.eus\/wp-content\/uploads\/2024\/04\/friends-sitting-together-against-railing.jpg","width":1920,"height":718},{"@type":"BreadcrumbList","@id":"https:\/\/www.bideonarratian.eus\/eu\/ikasleentzako-zerbitzuak\/#breadcrumb","itemListElement":[{"@type":"ListItem","position":1,"name":"Portada","item":"https:\/\/www.bideonarratian.eus\/eu\/"},{"@type":"ListItem","position":2,"name":"Ikasleentzako zerbitzuak"}]},{"@type":"WebSite","@id":"https:\/\/www.bideonarratian.eus\/eu\/#website","url":"https:\/\/www.bideonarratian.eus\/eu\/","name":"bideON ARRATIAN","description":"Servicio de transporte bajo demanda para acercar al n\u00facleo urbano a las personas del Valle de Arratia mayores de 65 a\u00f1os (incluso a los que no puedan desplazarse de forma aut\u00f3noma).","publisher":{"@id":"https:\/\/www.bideonarratian.eus\/eu\/#organization"},"alternateName":"Servicio de transporte sostenible a la demanda en el Valle de Arratia","potentialAction":[{"@type":"SearchAction","target":{"@type":"EntryPoint","urlTemplate":"https:\/\/www.bideonarratian.eus\/eu\/?s={search_term_string}"},"query-input":{"@type":"PropertyValueSpecification","valueRequired":true,"valueName":"search_term_string"}}],"inLanguage":"eu-ES"},{"@type":"Organization","@id":"https:\/\/www.bideonarratian.eus\/eu\/#organization","name":"bideON ARRATIAN","url":"https:\/\/www.bideonarratian.eus\/eu\/","logo":{"@type":"ImageObject","inLanguage":"eu-ES","@id":"https:\/\/www.bideonarratian.eus\/eu\/#\/schema\/logo\/image\/","url":"https:\/\/www.bideonarratian.eus\/wp-content\/uploads\/2023\/12\/bideon-logo.png","contentUrl":"https:\/\/www.bideonarratian.eus\/wp-content\/uploads\/2023\/12\/bideon-logo.png","width":500,"height":176,"caption":"bideON ARRATIAN"},"image":{"@id":"https:\/\/www.bideonarratian.eus\/eu\/#\/schema\/logo\/image\/"},"sameAs":["https:\/\/www.facebook.com\/bideONARRATIAN","https:\/\/www.instagram.com\/bideON_ARRATIAN","https:\/\/www.tiktok.com\/@bideon_arratian"]}]}},"_links":{"self":[{"href":"https:\/\/www.bideonarratian.eus\/eu\/wp-json\/wp\/v2\/pages\/8227","targetHints":{"allow":["GET"]}}],"collection":[{"href":"https:\/\/www.bideonarratian.eus\/eu\/wp-json\/wp\/v2\/pages"}],"about":[{"href":"https:\/\/www.bideonarratian.eus\/eu\/wp-json\/wp\/v2\/types\/page"}],"author":[{"embeddable":true,"href":"https:\/\/www.bideonarratian.eus\/eu\/wp-json\/wp\/v2\/users\/1"}],"replies":[{"embeddable":true,"href":"https:\/\/www.bideonarratian.eus\/eu\/wp-json\/wp\/v2\/comments?post=8227"}],"version-history":[{"count":52,"href":"https:\/\/www.bideonarratian.eus\/eu\/wp-json\/wp\/v2\/pages\/8227\/revisions"}],"predecessor-version":[{"id":8951,"href":"https:\/\/www.bideonarratian.eus\/eu\/wp-json\/wp\/v2\/pages\/8227\/revisions\/8951"}],"wp:featuredmedia":[{"embeddable":true,"href":"https:\/\/www.bideonarratian.eus\/eu\/wp-json\/wp\/v2\/media\/8531"}],"wp:attachment":[{"href":"https:\/\/www.bideonarratian.eus\/eu\/wp-json\/wp\/v2\/media?parent=8227"}],"curies":[{"name":"wp","href":"https:\/\/api.w.org\/{rel}","templated":true}]}}