{"id":8211,"date":"2023-12-19T10:25:28","date_gmt":"2023-12-19T09:25:28","guid":{"rendered":"https:\/\/www.bideonarratian.eus\/a-quien-va-dirigido\/"},"modified":"2025-01-07T13:19:35","modified_gmt":"2025-01-07T12:19:35","slug":"norentzat","status":"publish","type":"page","link":"https:\/\/www.bideonarratian.eus\/eu\/norentzat\/","title":{"rendered":"Norentzat"},"content":{"rendered":"<div class=\"wpb-content-wrapper\"><p>[vc_row css=&#8221;.vc_custom_1703674479349{margin-top: 50px !important;}&#8221;][vc_column][vc_column_text]<\/p>\n<h3><strong><em>Badakigu autorik barik mugitzea erronka handia dela<\/em><\/strong><\/h3>\n<p>Hori dela eta, garraio-zerbitzu honi esker Arratiako 65 urtetik gorakoek eta ikasleek erraztasun gehiago dituzte herriguneetara mugitzeko. Ibilgailu batek etxetik gertu jaso eta hainbat interesgunetara hurbiltzen ditu.<\/p>\n<p>Era berean, zerbitzua ematen zaie desgaitasunaren kalifikazio ofiziala edo mendekotasun-balorazioa duten pertsona guztiei, baldin eta mugikortasun-desgaitasun larriak badituzte eta horrek garraio-sare normalizatua erabiltzea eragozten badie, adin-mugarik gabe.[\/vc_column_text][\/vc_column][\/vc_row][vc_row css=&#8221;.vc_custom_1703674479349{margin-top: 50px !important;}&#8221;][vc_column][vc_column_text]<\/p>\n<h3><strong><em>Baldintzak<\/em><\/strong><\/h3>\n<p>[\/vc_column_text][\/vc_column][\/vc_row][vc_row full_width=&#8221;stretch_row&#8221; el_id=&#8221;filaDirigidoGeneral&#8221;][vc_column][vc_row_inner css=&#8221;.vc_custom_1704269585970{padding-top: 50px !important;padding-bottom: 70px !important;}&#8221;][vc_column_inner width=&#8221;1\/2&#8243; css=&#8221;.vc_custom_1541584818078{padding-right: 20px !important;}&#8221;]<header class=\"kd-section-title col-lg-12 text-left  kd-animated fadeIn   vc_custom_1735803554911\" data-animation-delay=200><h4 class=\"separator_off\" >65 urtetik gorakoak<\/h4><h6 class=\"subtitle \" ><\/p>\n<ul>\n<li>Arratiako 9 udalerrietako batean erroldatuta egotea: Arantzazu, Areatza, Artea, Bedia, Dima, Igorre, Lemoa, Ubide edo Zeanuri.<\/li>\n<li>65 urtetik gorakoa izatea.<\/li>\n<li>Arratiako Egoitzan bizi diren pertsonek ere erabil dezakete zerbitzua, nahiz eta 9 udalerrietako batean erroldatuta ez egon.<\/li>\n<\/ul>\n<p><\/h6><\/header>[vc_column_text]<\/p>\n<p style=\"text-align: center;\"><a class=\"btnServicios\" href=\"https:\/\/www.bideonarratian.eus\/eu\/65-urtetik-gorakoentzako-zerbitzuak\/\">65 urtetik gorakoentzako bidaiei buruzko informazio gehiago<\/a><\/p>\n<p>[\/vc_column_text][vc_empty_space height=&#8221;20px&#8221;][vc_single_image image=&#8221;7649&#8243; img_size=&#8221;full&#8221; alignment=&#8221;center&#8221; css_animation=&#8221;fadeIn&#8221; css=&#8221;.vc_custom_1704461165049{padding-right: 20px !important;}&#8221;][\/vc_column_inner][vc_column_inner width=&#8221;1\/2&#8243; css=&#8221;.vc_custom_1541584821670{padding-left: 20px !important;}&#8221;][vc_single_image image=&#8221;8527&#8243; img_size=&#8221;full&#8221; alignment=&#8221;center&#8221; css_animation=&#8221;fadeIn&#8221; css=&#8221;.vc_custom_1713883554537{padding-left: 20px !important;}&#8221;][vc_empty_space height=&#8221;40px&#8221;]<header class=\"kd-section-title col-lg-12 text-left  kd-animated fadeIn   vc_custom_1728389000130\" data-animation-delay=200><h4 class=\"separator_off\" >Unibertsitateko, Goi Mailako LHko edo HHIko ikasleak<\/h4><h6 class=\"subtitle \" ><\/p>\n<ul>\n<li>Arratiako 9 udalerrietako batean erroldatuta egotea: Arantzazu, Areatza, Artea, Bedia, Dima, Igorre, Lemoa, Ubide edo Zeanuri.<\/li>\n<li>Unibertsitate, LHko zentro (goi mailan) edo HHI zentroren batean matrikulatuta egotea.<\/li>\n<\/ul>\n<p><\/h6><\/header>[vc_column_text css=&#8221;.vc_custom_1725606397650{padding-left: 20px !important;}&#8221;]<a class=\"btnServicios\" href=\"https:\/\/www.bideonarratian.eus\/eu\/ikasleentzako-zerbitzuak\/\">Ikasleentzako bidaiei buruzko informazio gehiago<\/a>[\/vc_column_text][\/vc_column_inner][\/vc_row_inner][\/vc_column][\/vc_row][vc_row full_width=&#8221;stretch_row&#8221; el_id=&#8221;filaDirigidoDiscapacitados&#8221; css=&#8221;.vc_custom_1716821050913{padding-top: 0px !important;}&#8221;][vc_column css=&#8221;.vc_custom_1716821071455{padding-top: 0px !important;}&#8221;][vc_row_inner css=&#8221;.vc_custom_1716821082815{padding-top: 0px !important;padding-bottom: 70px !important;}&#8221;][vc_column_inner width=&#8221;1\/2&#8243; css=&#8221;.vc_custom_1541584818078{padding-right: 20px !important;}&#8221;]<header class=\"kd-section-title col-lg-12 text-left  kd-animated fadeIn   vc_custom_1736252332278\" data-animation-delay=200><h4 class=\"separator_off\" >Desgaitasuna duten pertsonak eta mendekotasuna egoeran dauden pertsonak<\/h4><h6 class=\"subtitle \" ><\/p>\n<ul>\n<li>Arratiako 9 udalerrietako batean erroldatuta egotea: Arantzazu, Areatza, Artea, Bedia, Dima, Igorre, Lemoa, Ubide edo Zeanuri.<\/li>\n<li>Desgaitasuna duten pertsonen kasuan, Foru Aldundiaren Balorazio Zentroak ematen duen ziurtagiria izatea.<\/li>\n<li>Mendekotasuna duten pertsonen kasuan, mendekotasunaren balorazioa izatea.<\/li>\n<\/ul>\n<p><\/h6><\/header>[vc_column_text]<\/p>\n<p style=\"text-align: center;\"><a class=\"btnServicios\" href=\"https:\/\/www.bideonarratian.eus\/eu\/desgaitasuna-duten-pertsonak-eta-mendekotasuna-duten-pertsonak\/\">Desgaitasuna dutenentzako eta mendekotasuna egoeran daudenentzako bidaiei buruzko informazio gehiago<\/a><\/p>\n<p>[\/vc_column_text][\/vc_column_inner][vc_column_inner width=&#8221;1\/2&#8243; css=&#8221;.vc_custom_1541584821670{padding-left: 20px !important;}&#8221;][vc_single_image image=&#8221;8624&#8243; img_size=&#8221;full&#8221; alignment=&#8221;center&#8221; css_animation=&#8221;fadeIn&#8221; css=&#8221;.vc_custom_1716820838842{padding-left: 20px !important;}&#8221;][\/vc_column_inner][\/vc_row_inner][vc_empty_space][\/vc_column][\/vc_row]<\/p>\n<\/div>","protected":false},"excerpt":{"rendered":"<p>[vc_row css=&#8221;.vc_custom_1703674479349{margin-top: 50px !important;}&#8221;][vc_column][vc_column_text] Badakigu autorik barik mugitzea erronka handia dela Hori dela eta, garraio-zerbitzu honi esker Arratiako 65 urtetik [&hellip;]<\/p>\n","protected":false},"author":1,"featured_media":7822,"parent":0,"menu_order":0,"comment_status":"closed","ping_status":"closed","template":"","meta":{"footnotes":""},"class_list":["post-8211","page","type-page","status-publish","has-post-thumbnail","hentry"],"yoast_head":"<!-- This site is optimized with the Yoast SEO plugin v27.3 - https:\/\/yoast.com\/product\/yoast-seo-wordpress\/ -->\n<title>Norentzat - bideON ARRATIAN<\/title>\n<meta name=\"robots\" content=\"index, follow, max-snippet:-1, max-image-preview:large, max-video-preview:-1\" \/>\n<link rel=\"canonical\" href=\"https:\/\/www.bideonarratian.eus\/eu\/norentzat\/\" \/>\n<meta property=\"og:locale\" content=\"eu_ES\" \/>\n<meta property=\"og:type\" content=\"article\" \/>\n<meta property=\"og:title\" content=\"Norentzat - bideON ARRATIAN\" \/>\n<meta property=\"og:description\" content=\"[vc_row css=&#8221;.vc_custom_1703674479349{margin-top: 50px !important;}&#8221;][vc_column][vc_column_text] Badakigu autorik barik mugitzea erronka handia dela Hori dela eta, garraio-zerbitzu honi esker Arratiako 65 urtetik [&hellip;]\" \/>\n<meta property=\"og:url\" content=\"https:\/\/www.bideonarratian.eus\/eu\/norentzat\/\" \/>\n<meta property=\"og:site_name\" content=\"bideON ARRATIAN\" \/>\n<meta property=\"article:publisher\" content=\"https:\/\/www.facebook.com\/bideONARRATIAN\" \/>\n<meta property=\"article:modified_time\" content=\"2025-01-07T12:19:35+00:00\" \/>\n<meta property=\"og:image\" content=\"https:\/\/www.bideonarratian.eus\/wp-content\/uploads\/2024\/01\/IMG_2668_Snapseed-1.jpg\" \/>\n\t<meta property=\"og:image:width\" content=\"1920\" \/>\n\t<meta property=\"og:image:height\" content=\"774\" \/>\n\t<meta property=\"og:image:type\" content=\"image\/jpeg\" \/>\n<meta name=\"twitter:card\" content=\"summary_large_image\" \/>\n<meta name=\"twitter:label1\" content=\"Est. reading time\" \/>\n\t<meta name=\"twitter:data1\" content=\"3 minutes\" \/>\n<script type=\"application\/ld+json\" class=\"yoast-schema-graph\">{\"@context\":\"https:\\\/\\\/schema.org\",\"@graph\":[{\"@type\":\"WebPage\",\"@id\":\"https:\\\/\\\/www.bideonarratian.eus\\\/eu\\\/norentzat\\\/\",\"url\":\"https:\\\/\\\/www.bideonarratian.eus\\\/eu\\\/norentzat\\\/\",\"name\":\"Norentzat - bideON ARRATIAN\",\"isPartOf\":{\"@id\":\"https:\\\/\\\/www.bideonarratian.eus\\\/eu\\\/#website\"},\"primaryImageOfPage\":{\"@id\":\"https:\\\/\\\/www.bideonarratian.eus\\\/eu\\\/norentzat\\\/#primaryimage\"},\"image\":{\"@id\":\"https:\\\/\\\/www.bideonarratian.eus\\\/eu\\\/norentzat\\\/#primaryimage\"},\"thumbnailUrl\":\"https:\\\/\\\/www.bideonarratian.eus\\\/wp-content\\\/uploads\\\/2024\\\/01\\\/IMG_2668_Snapseed-1.jpg\",\"datePublished\":\"2023-12-19T09:25:28+00:00\",\"dateModified\":\"2025-01-07T12:19:35+00:00\",\"breadcrumb\":{\"@id\":\"https:\\\/\\\/www.bideonarratian.eus\\\/eu\\\/norentzat\\\/#breadcrumb\"},\"inLanguage\":\"eu-ES\",\"potentialAction\":[{\"@type\":\"ReadAction\",\"target\":[\"https:\\\/\\\/www.bideonarratian.eus\\\/eu\\\/norentzat\\\/\"]}]},{\"@type\":\"ImageObject\",\"inLanguage\":\"eu-ES\",\"@id\":\"https:\\\/\\\/www.bideonarratian.eus\\\/eu\\\/norentzat\\\/#primaryimage\",\"url\":\"https:\\\/\\\/www.bideonarratian.eus\\\/wp-content\\\/uploads\\\/2024\\\/01\\\/IMG_2668_Snapseed-1.jpg\",\"contentUrl\":\"https:\\\/\\\/www.bideonarratian.eus\\\/wp-content\\\/uploads\\\/2024\\\/01\\\/IMG_2668_Snapseed-1.jpg\",\"width\":1920,\"height\":774},{\"@type\":\"BreadcrumbList\",\"@id\":\"https:\\\/\\\/www.bideonarratian.eus\\\/eu\\\/norentzat\\\/#breadcrumb\",\"itemListElement\":[{\"@type\":\"ListItem\",\"position\":1,\"name\":\"Portada\",\"item\":\"https:\\\/\\\/www.bideonarratian.eus\\\/eu\\\/\"},{\"@type\":\"ListItem\",\"position\":2,\"name\":\"Norentzat\"}]},{\"@type\":\"WebSite\",\"@id\":\"https:\\\/\\\/www.bideonarratian.eus\\\/eu\\\/#website\",\"url\":\"https:\\\/\\\/www.bideonarratian.eus\\\/eu\\\/\",\"name\":\"bideON ARRATIAN\",\"description\":\"Servicio de transporte bajo demanda para acercar al n\u00facleo urbano a las personas del Valle de Arratia mayores de 65 a\u00f1os (incluso a los que no puedan desplazarse de forma aut\u00f3noma).\",\"publisher\":{\"@id\":\"https:\\\/\\\/www.bideonarratian.eus\\\/eu\\\/#organization\"},\"alternateName\":\"Servicio de transporte sostenible a la demanda en el Valle de Arratia\",\"potentialAction\":[{\"@type\":\"SearchAction\",\"target\":{\"@type\":\"EntryPoint\",\"urlTemplate\":\"https:\\\/\\\/www.bideonarratian.eus\\\/eu\\\/?s={search_term_string}\"},\"query-input\":{\"@type\":\"PropertyValueSpecification\",\"valueRequired\":true,\"valueName\":\"search_term_string\"}}],\"inLanguage\":\"eu-ES\"},{\"@type\":\"Organization\",\"@id\":\"https:\\\/\\\/www.bideonarratian.eus\\\/eu\\\/#organization\",\"name\":\"bideON ARRATIAN\",\"url\":\"https:\\\/\\\/www.bideonarratian.eus\\\/eu\\\/\",\"logo\":{\"@type\":\"ImageObject\",\"inLanguage\":\"eu-ES\",\"@id\":\"https:\\\/\\\/www.bideonarratian.eus\\\/eu\\\/#\\\/schema\\\/logo\\\/image\\\/\",\"url\":\"https:\\\/\\\/www.bideonarratian.eus\\\/wp-content\\\/uploads\\\/2023\\\/12\\\/bideon-logo.png\",\"contentUrl\":\"https:\\\/\\\/www.bideonarratian.eus\\\/wp-content\\\/uploads\\\/2023\\\/12\\\/bideon-logo.png\",\"width\":500,\"height\":176,\"caption\":\"bideON ARRATIAN\"},\"image\":{\"@id\":\"https:\\\/\\\/www.bideonarratian.eus\\\/eu\\\/#\\\/schema\\\/logo\\\/image\\\/\"},\"sameAs\":[\"https:\\\/\\\/www.facebook.com\\\/bideONARRATIAN\",\"https:\\\/\\\/www.instagram.com\\\/bideON_ARRATIAN\",\"https:\\\/\\\/www.tiktok.com\\\/@bideon_arratian\"]}]}<\/script>\n<!-- \/ Yoast SEO plugin. -->","yoast_head_json":{"title":"Norentzat - bideON ARRATIAN","robots":{"index":"index","follow":"follow","max-snippet":"max-snippet:-1","max-image-preview":"max-image-preview:large","max-video-preview":"max-video-preview:-1"},"canonical":"https:\/\/www.bideonarratian.eus\/eu\/norentzat\/","og_locale":"eu_ES","og_type":"article","og_title":"Norentzat - bideON ARRATIAN","og_description":"[vc_row css=&#8221;.vc_custom_1703674479349{margin-top: 50px !important;}&#8221;][vc_column][vc_column_text] Badakigu autorik barik mugitzea erronka handia dela Hori dela eta, garraio-zerbitzu honi esker Arratiako 65 urtetik [&hellip;]","og_url":"https:\/\/www.bideonarratian.eus\/eu\/norentzat\/","og_site_name":"bideON ARRATIAN","article_publisher":"https:\/\/www.facebook.com\/bideONARRATIAN","article_modified_time":"2025-01-07T12:19:35+00:00","og_image":[{"width":1920,"height":774,"url":"https:\/\/www.bideonarratian.eus\/wp-content\/uploads\/2024\/01\/IMG_2668_Snapseed-1.jpg","type":"image\/jpeg"}],"twitter_card":"summary_large_image","twitter_misc":{"Est. reading time":"3 minutes"},"schema":{"@context":"https:\/\/schema.org","@graph":[{"@type":"WebPage","@id":"https:\/\/www.bideonarratian.eus\/eu\/norentzat\/","url":"https:\/\/www.bideonarratian.eus\/eu\/norentzat\/","name":"Norentzat - bideON ARRATIAN","isPartOf":{"@id":"https:\/\/www.bideonarratian.eus\/eu\/#website"},"primaryImageOfPage":{"@id":"https:\/\/www.bideonarratian.eus\/eu\/norentzat\/#primaryimage"},"image":{"@id":"https:\/\/www.bideonarratian.eus\/eu\/norentzat\/#primaryimage"},"thumbnailUrl":"https:\/\/www.bideonarratian.eus\/wp-content\/uploads\/2024\/01\/IMG_2668_Snapseed-1.jpg","datePublished":"2023-12-19T09:25:28+00:00","dateModified":"2025-01-07T12:19:35+00:00","breadcrumb":{"@id":"https:\/\/www.bideonarratian.eus\/eu\/norentzat\/#breadcrumb"},"inLanguage":"eu-ES","potentialAction":[{"@type":"ReadAction","target":["https:\/\/www.bideonarratian.eus\/eu\/norentzat\/"]}]},{"@type":"ImageObject","inLanguage":"eu-ES","@id":"https:\/\/www.bideonarratian.eus\/eu\/norentzat\/#primaryimage","url":"https:\/\/www.bideonarratian.eus\/wp-content\/uploads\/2024\/01\/IMG_2668_Snapseed-1.jpg","contentUrl":"https:\/\/www.bideonarratian.eus\/wp-content\/uploads\/2024\/01\/IMG_2668_Snapseed-1.jpg","width":1920,"height":774},{"@type":"BreadcrumbList","@id":"https:\/\/www.bideonarratian.eus\/eu\/norentzat\/#breadcrumb","itemListElement":[{"@type":"ListItem","position":1,"name":"Portada","item":"https:\/\/www.bideonarratian.eus\/eu\/"},{"@type":"ListItem","position":2,"name":"Norentzat"}]},{"@type":"WebSite","@id":"https:\/\/www.bideonarratian.eus\/eu\/#website","url":"https:\/\/www.bideonarratian.eus\/eu\/","name":"bideON ARRATIAN","description":"Servicio de transporte bajo demanda para acercar al n\u00facleo urbano a las personas del Valle de Arratia mayores de 65 a\u00f1os (incluso a los que no puedan desplazarse de forma aut\u00f3noma).","publisher":{"@id":"https:\/\/www.bideonarratian.eus\/eu\/#organization"},"alternateName":"Servicio de transporte sostenible a la demanda en el Valle de Arratia","potentialAction":[{"@type":"SearchAction","target":{"@type":"EntryPoint","urlTemplate":"https:\/\/www.bideonarratian.eus\/eu\/?s={search_term_string}"},"query-input":{"@type":"PropertyValueSpecification","valueRequired":true,"valueName":"search_term_string"}}],"inLanguage":"eu-ES"},{"@type":"Organization","@id":"https:\/\/www.bideonarratian.eus\/eu\/#organization","name":"bideON ARRATIAN","url":"https:\/\/www.bideonarratian.eus\/eu\/","logo":{"@type":"ImageObject","inLanguage":"eu-ES","@id":"https:\/\/www.bideonarratian.eus\/eu\/#\/schema\/logo\/image\/","url":"https:\/\/www.bideonarratian.eus\/wp-content\/uploads\/2023\/12\/bideon-logo.png","contentUrl":"https:\/\/www.bideonarratian.eus\/wp-content\/uploads\/2023\/12\/bideon-logo.png","width":500,"height":176,"caption":"bideON ARRATIAN"},"image":{"@id":"https:\/\/www.bideonarratian.eus\/eu\/#\/schema\/logo\/image\/"},"sameAs":["https:\/\/www.facebook.com\/bideONARRATIAN","https:\/\/www.instagram.com\/bideON_ARRATIAN","https:\/\/www.tiktok.com\/@bideon_arratian"]}]}},"_links":{"self":[{"href":"https:\/\/www.bideonarratian.eus\/eu\/wp-json\/wp\/v2\/pages\/8211","targetHints":{"allow":["GET"]}}],"collection":[{"href":"https:\/\/www.bideonarratian.eus\/eu\/wp-json\/wp\/v2\/pages"}],"about":[{"href":"https:\/\/www.bideonarratian.eus\/eu\/wp-json\/wp\/v2\/types\/page"}],"author":[{"embeddable":true,"href":"https:\/\/www.bideonarratian.eus\/eu\/wp-json\/wp\/v2\/users\/1"}],"replies":[{"embeddable":true,"href":"https:\/\/www.bideonarratian.eus\/eu\/wp-json\/wp\/v2\/comments?post=8211"}],"version-history":[{"count":23,"href":"https:\/\/www.bideonarratian.eus\/eu\/wp-json\/wp\/v2\/pages\/8211\/revisions"}],"predecessor-version":[{"id":8902,"href":"https:\/\/www.bideonarratian.eus\/eu\/wp-json\/wp\/v2\/pages\/8211\/revisions\/8902"}],"wp:featuredmedia":[{"embeddable":true,"href":"https:\/\/www.bideonarratian.eus\/eu\/wp-json\/wp\/v2\/media\/7822"}],"wp:attachment":[{"href":"https:\/\/www.bideonarratian.eus\/eu\/wp-json\/wp\/v2\/media?parent=8211"}],"curies":[{"name":"wp","href":"https:\/\/api.w.org\/{rel}","templated":true}]}}